{"id":233,"date":"2025-08-17T08:26:48","date_gmt":"2025-08-17T08:26:48","guid":{"rendered":"http:\/\/vhkzxri.cluster100.hosting.ovh.net\/?page_id=233"},"modified":"2025-11-30T08:17:48","modified_gmt":"2025-11-30T08:17:48","slug":"bezug","status":"publish","type":"page","link":"http:\/\/krutzler.at\/de\/bezug\/","title":{"rendered":"Bezug"},"content":{"rendered":"\n<div class=\"wp-block-columns alignfull is-layout-flex wp-container-core-columns-is-layout-d0b3c9c8 wp-block-columns-is-layout-flex\">\n<div class=\"wp-block-column is-layout-flow wp-block-column-is-layout-flow\">\n<h2 class=\"wp-block-heading\">\u00d6sterreich<\/h2>\n<\/div>\n\n\n\n<div class=\"wp-block-column is-layout-flow wp-block-column-is-layout-flow\">\n<p class=\"has-large-font-size\" style=\"text-transform:uppercase\"><a href=\"https:\/\/morandell.com\">Morandell<\/a><\/p>\n\n\n\n<hr class=\"wp-block-separator has-alpha-channel-opacity\"\/>\n\n\n\n<p class=\"has-large-font-size\" style=\"text-transform:uppercase\"><a href=\"https:\/\/www.weinco.at\">Wein &amp; Co.<\/a><\/p>\n\n\n\n<hr class=\"wp-block-separator has-alpha-channel-opacity\"\/>\n\n\n\n<p class=\"has-large-font-size\"><a href=\"https:\/\/shop.doellerer.at\">D\u00d6LLERER WEINHAUS<\/a><\/p>\n\n\n\n<hr class=\"wp-block-separator has-alpha-channel-opacity\"\/>\n\n\n\n<p class=\"has-large-font-size\" style=\"text-transform:uppercase\"><a href=\"https:\/\/www.zankls-weine.com\">Zankl&#8217;s Weine<\/a><\/p>\n\n\n\n<hr class=\"wp-block-separator has-alpha-channel-opacity\"\/>\n\n\n\n<p class=\"has-large-font-size\"><a href=\"https:\/\/www.wagners-weinshop.com\">WAGNERS WEINSHOP<\/a><\/p>\n\n\n\n<hr class=\"wp-block-separator has-alpha-channel-opacity\"\/>\n\n\n\n<p class=\"has-large-font-size\"><a href=\"https:\/\/www.wein-wolf.at\">WEIN WOLF<\/a><\/p>\n\n\n\n<hr class=\"wp-block-separator has-alpha-channel-opacity\"\/>\n\n\n\n<p class=\"has-large-font-size\"><a href=\"https:\/\/delfabrokolarik.at\">DEL FABRO KOLARIK<\/a><\/p>\n\n\n\n<hr class=\"wp-block-separator has-alpha-channel-opacity\"\/>\n\n\n\n<p class=\"has-large-font-size\"><a href=\"https:\/\/trinkwerk.transgourmet.at\/sortiment\/wein-schaumwein\/oesterreichischer-wein\">TRANSGOURMET TRINKWERK<\/a><\/p>\n\n\n\n<hr class=\"wp-block-separator has-alpha-channel-opacity\"\/>\n\n\n\n<p class=\"has-large-font-size\"><a href=\"https:\/\/www.delivino.at\">DELIVINO<\/a><\/p>\n\n\n\n<hr class=\"wp-block-separator has-alpha-channel-opacity\"\/>\n\n\n\n<p class=\"has-large-font-size\"><a href=\"https:\/\/www.wein-handlung.at\">NOITZ WEIN.DEPOT<\/a><\/p>\n\n\n\n<hr class=\"wp-block-separator has-alpha-channel-opacity\"\/>\n\n\n\n<p class=\"has-large-font-size\"><a href=\"https:\/\/wakolbinger.at\">WEINHAUS WAKOLBINGER<\/a><\/p>\n\n\n\n<hr class=\"wp-block-separator has-alpha-channel-opacity\"\/>\n\n\n\n<p class=\"has-large-font-size\"><a href=\"https:\/\/www.sussitz.eu\">SUSSITZ<\/a><\/p>\n\n\n\n<hr class=\"wp-block-separator has-alpha-channel-opacity\"\/>\n\n\n\n<p class=\"has-large-font-size\"><a href=\"https:\/\/weinwerk-burgenland.at\">WEINWERK BURGENLAND<\/a><\/p>\n<\/div>\n<\/div>\n\n\n\n<hr class=\"wp-block-separator alignfull has-alpha-channel-opacity\"\/>\n\n\n\n<div class=\"wp-block-columns alignfull is-layout-flex wp-container-core-columns-is-layout-d0b3c9c8 wp-block-columns-is-layout-flex\">\n<div class=\"wp-block-column is-layout-flow wp-block-column-is-layout-flow\">\n<h2 class=\"wp-block-heading\">SCHWEIZ<\/h2>\n<\/div>\n\n\n\n<div class=\"wp-block-column is-layout-flow wp-block-column-is-layout-flow\">\n<p class=\"has-large-font-size\" style=\"text-transform:uppercase\"><a href=\"https:\/\/www.gerstl.ch\">Gerstl<\/a><\/p>\n\n\n\n<hr class=\"wp-block-separator has-alpha-channel-opacity\"\/>\n\n\n\n<p class=\"has-large-font-size\" style=\"text-transform:uppercase\"><a href=\"https:\/\/www.selection-schwander.ch\">Selektion Schwander<\/a><\/p>\n\n\n\n<hr class=\"wp-block-separator has-alpha-channel-opacity\"\/>\n\n\n\n<p class=\"has-large-font-size\" style=\"text-transform:uppercase\"><a href=\"https:\/\/vinothek-brancaia.ch\/de\">Vinothek Brancaia<\/a><\/p>\n\n\n\n<hr class=\"wp-block-separator has-alpha-channel-opacity\"\/>\n\n\n\n<p class=\"has-large-font-size\" style=\"text-transform:uppercase\"><a href=\"https:\/\/www.wineselectionone.ch\">Wine Selection One<\/a><\/p>\n\n\n\n<hr class=\"wp-block-separator has-alpha-channel-opacity\"\/>\n\n\n\n<p class=\"has-large-font-size\"><a href=\"https:\/\/www.danimatterweine.ch\">DANI MATTER WEINE<\/a><\/p>\n\n\n\n<hr class=\"wp-block-separator has-alpha-channel-opacity\"\/>\n\n\n\n<p class=\"has-large-font-size\" style=\"text-transform:uppercase\"><a href=\"https:\/\/www.weinesimonelanz.ch\">Weine Simone Lanz<\/a><\/p>\n\n\n\n<hr class=\"wp-block-separator has-alpha-channel-opacity\"\/>\n\n\n\n<p class=\"has-large-font-size\" style=\"text-transform:uppercase\"><a href=\"https:\/\/www.moevenpick-wein.com\/de\/\">M\u00f6venpick Wein<\/a><\/p>\n<\/div>\n<\/div>\n\n\n\n<hr class=\"wp-block-separator alignfull has-alpha-channel-opacity\"\/>\n\n\n\n<div class=\"wp-block-columns alignfull is-layout-flex wp-container-core-columns-is-layout-d0b3c9c8 wp-block-columns-is-layout-flex\">\n<div class=\"wp-block-column is-layout-flow wp-block-column-is-layout-flow\">\n<h2 class=\"wp-block-heading\">DEUTSCHLAND<\/h2>\n<\/div>\n\n\n\n<div class=\"wp-block-column is-layout-flow wp-block-column-is-layout-flow\">\n<p class=\"has-large-font-size\"><a href=\"https:\/\/www.gute-weine.de\">LOBENBERGS GUTE WEINE<\/a><\/p>\n\n\n\n<hr class=\"wp-block-separator has-alpha-channel-opacity\"\/>\n\n\n\n<p class=\"has-large-font-size\"><a href=\"https:\/\/www.vinaturel.de\">VINATUREL<\/a><\/p>\n\n\n\n<hr class=\"wp-block-separator has-alpha-channel-opacity\"\/>\n\n\n\n<p class=\"has-large-font-size\"><a href=\"https:\/\/www.weinfurore.de\">WEINFURORE<\/a><\/p>\n\n\n\n<hr class=\"wp-block-separator has-alpha-channel-opacity\"\/>\n\n\n\n<p class=\"has-large-font-size\" style=\"text-transform:uppercase\"><a href=\"https:\/\/www.winedamager.de\/STARTSEITE\/\">Winedamager<\/a><\/p>\n\n\n\n<hr class=\"wp-block-separator has-alpha-channel-opacity\"\/>\n\n\n\n<p class=\"has-large-font-size\"><a href=\"https:\/\/www.weinundglas.com\">WEIN &amp; GLAS<\/a><\/p>\n\n\n\n<hr class=\"wp-block-separator has-alpha-channel-opacity\"\/>\n\n\n\n<p class=\"has-large-font-size\"><a href=\"https:\/\/zweigeltundco.de\">ZWEIGELT &amp; CO<\/a><\/p>\n<\/div>\n<\/div>\n\n\n\n<hr class=\"wp-block-separator alignfull has-alpha-channel-opacity\"\/>\n\n\n\n<div class=\"wp-block-columns alignfull is-layout-flex wp-container-core-columns-is-layout-d0b3c9c8 wp-block-columns-is-layout-flex\">\n<div class=\"wp-block-column is-layout-flow wp-block-column-is-layout-flow\">\n<h2 class=\"wp-block-heading\">INTERNATIONAL<\/h2>\n<\/div>\n\n\n\n<div class=\"wp-block-column is-layout-flow wp-block-column-is-layout-flow\">\n<div class=\"wp-block-columns is-layout-flex wp-container-core-columns-is-layout-d0b3c9c8 wp-block-columns-is-layout-flex\">\n<div class=\"wp-block-column is-layout-flow wp-block-column-is-layout-flow\">\n<p class=\"has-large-font-size\" style=\"text-transform:uppercase\"><a href=\"https:\/\/www.wijnenjanrots.be\">Wijnen Jan Rots<\/a><\/p>\n<\/div>\n\n\n\n<div class=\"wp-block-column is-vertically-aligned-bottom is-layout-flow wp-block-column-is-layout-flow\">\n<p class=\"has-text-align-right\">BELGIEN<\/p>\n<\/div>\n<\/div>\n\n\n\n<hr class=\"wp-block-separator has-alpha-channel-opacity\"\/>\n\n\n\n<div class=\"wp-block-columns is-layout-flex wp-container-core-columns-is-layout-d0b3c9c8 wp-block-columns-is-layout-flex\">\n<div class=\"wp-block-column is-layout-flow wp-block-column-is-layout-flow\">\n<p class=\"has-large-font-size\" style=\"text-transform:uppercase\"><a href=\"https:\/\/www.ritter-weine.li\/de\/home\">Ritter Weine<\/a><\/p>\n<\/div>\n\n\n\n<div class=\"wp-block-column is-vertically-aligned-bottom is-layout-flow wp-block-column-is-layout-flow\">\n<p class=\"has-text-align-right\">LIECHTENSTEIN<\/p>\n<\/div>\n<\/div>\n\n\n\n<hr class=\"wp-block-separator has-alpha-channel-opacity\"\/>\n\n\n\n<div class=\"wp-block-columns is-layout-flex wp-container-core-columns-is-layout-d0b3c9c8 wp-block-columns-is-layout-flex\">\n<div class=\"wp-block-column is-layout-flow wp-block-column-is-layout-flow\">\n<p class=\"has-large-font-size\"><a href=\"https:\/\/www.delogie.nl\">B.J. DE LOGIE WIJN<\/a><\/p>\n<\/div>\n\n\n\n<div class=\"wp-block-column is-vertically-aligned-bottom is-layout-flow wp-block-column-is-layout-flow\">\n<p class=\"has-text-align-right\">NIEDERLANDE<\/p>\n<\/div>\n<\/div>\n\n\n\n<hr class=\"wp-block-separator has-alpha-channel-opacity\"\/>\n\n\n\n<div class=\"wp-block-columns is-layout-flex wp-container-core-columns-is-layout-d0b3c9c8 wp-block-columns-is-layout-flex\">\n<div class=\"wp-block-column is-layout-flow wp-block-column-is-layout-flow\">\n<p class=\"has-large-font-size\"><a href=\"https:\/\/www.vintrovin.dk\/en\">VINTRO<\/a><\/p>\n<\/div>\n\n\n\n<div class=\"wp-block-column is-vertically-aligned-bottom is-layout-flow wp-block-column-is-layout-flow\">\n<p class=\"has-text-align-right\">D\u00c4NEMARK<\/p>\n<\/div>\n<\/div>\n\n\n\n<hr class=\"wp-block-separator has-alpha-channel-opacity\"\/>\n\n\n\n<div class=\"wp-block-columns is-layout-flex wp-container-core-columns-is-layout-d0b3c9c8 wp-block-columns-is-layout-flex\">\n<div class=\"wp-block-column is-layout-flow wp-container-core-column-is-layout-fd134cff wp-block-column-is-layout-flow\" style=\"padding-right:0;padding-left:0;flex-basis:399px\">\n<p class=\"has-large-font-size\" style=\"text-transform:uppercase\"><a href=\"https:\/\/www.toscarleton.com\/ip-tosca\">Importations Tosca<\/a><\/p>\n<\/div>\n\n\n\n<div class=\"wp-block-column is-vertically-aligned-bottom is-layout-flow wp-block-column-is-layout-flow\">\n<p class=\"has-text-align-right\">KANADA, QC<\/p>\n<\/div>\n<\/div>\n\n\n\n<hr class=\"wp-block-separator has-alpha-channel-opacity\"\/>\n\n\n\n<div class=\"wp-block-columns is-layout-flex wp-container-core-columns-is-layout-d0b3c9c8 wp-block-columns-is-layout-flex\">\n<div class=\"wp-block-column is-layout-flow wp-container-core-column-is-layout-b2a27621 wp-block-column-is-layout-flow\" style=\"border-style:none;border-width:0px;border-radius:0px;padding-top:0;padding-right:0;padding-bottom:0;padding-left:0\">\n<p class=\"has-large-font-size\" style=\"text-transform:uppercase\"><a href=\"https:\/\/winemonger.com\">Winemonger<\/a><\/p>\n<\/div>\n\n\n\n<div class=\"wp-block-column is-vertically-aligned-bottom is-layout-flow wp-block-column-is-layout-flow\">\n<p class=\"has-text-align-right\">USA<\/p>\n<\/div>\n<\/div>\n\n\n\n<hr class=\"wp-block-separator has-alpha-channel-opacity\"\/>\n\n\n\n<div class=\"wp-block-columns is-layout-flex wp-container-core-columns-is-layout-d0b3c9c8 wp-block-columns-is-layout-flex\">\n<div class=\"wp-block-column is-layout-flow wp-block-column-is-layout-flow\">\n<p class=\"has-large-font-size\" style=\"text-transform:uppercase\"><a href=\"https:\/\/www.iidagroup.co.jp\/iida_catalogue\/wine\/\">iidawine<\/a><\/p>\n<\/div>\n\n\n\n<div class=\"wp-block-column is-vertically-aligned-bottom is-layout-flow wp-block-column-is-layout-flow\">\n<p class=\"has-text-align-right\">JAPAN<\/p>\n<\/div>\n<\/div>\n<\/div>\n<\/div>\n","protected":false},"excerpt":{"rendered":"<p>\u00d6sterreich Morandell Wein &amp; Co. D\u00d6LLERER WEINHAUS Zankl&#8217;s Weine WAGNERS WEINSHOP WEIN WOLF DEL FABRO KOLARIK TRANSGOURMET TRINKWERK DELIVINO NOITZ WEIN.DEPOT WEINHAUS WAKOLBINGER SUSSITZ WEINWERK BURGENLAND SCHWEIZ Gerstl Selektion Schwander Vinothek Brancaia Wine Selection One DANI MATTER WEINE Weine Simone Lanz M\u00f6venpick Wein DEUTSCHLAND LOBENBERGS GUTE WEINE VINATUREL WEINFURORE Winedamager WEIN &amp; GLAS ZWEIGELT &amp; [&hellip;]<\/p>\n","protected":false},"author":1,"featured_media":422,"parent":0,"menu_order":0,"comment_status":"closed","ping_status":"closed","template":"","meta":{"footnotes":""},"class_list":["post-233","page","type-page","status-publish","has-post-thumbnail","hentry"],"yoast_head":"<!-- This site is optimized with the Yoast SEO plugin v26.9 - https:\/\/yoast.com\/product\/yoast-seo-wordpress\/ -->\n<title>Bezug - Weingut Krutzler<\/title>\n<meta name=\"description\" content=\"Bezugsquellen f\u00fcr Krutzler-Weine: H\u00e4ndler und Partner in \u00d6sterreich, Deutschland, Schweiz und international auf einen Blick.\" \/>\n<meta name=\"robots\" content=\"index, follow, max-snippet:-1, max-image-preview:large, max-video-preview:-1\" \/>\n<link rel=\"canonical\" href=\"https:\/\/krutzler.at\/de\/bezug\/\" \/>\n<meta property=\"og:locale\" content=\"de_DE\" \/>\n<meta property=\"og:type\" content=\"article\" \/>\n<meta property=\"og:title\" content=\"Bezug - Weingut Krutzler\" \/>\n<meta property=\"og:description\" content=\"Bezugsquellen f\u00fcr Krutzler-Weine: H\u00e4ndler und Partner in \u00d6sterreich, Deutschland, Schweiz und international auf einen Blick.\" \/>\n<meta property=\"og:url\" content=\"https:\/\/krutzler.at\/de\/bezug\/\" \/>\n<meta property=\"og:site_name\" content=\"Weingut Krutzler\" \/>\n<meta property=\"article:modified_time\" content=\"2025-11-30T08:17:48+00:00\" \/>\n<meta property=\"og:image\" content=\"https:\/\/krutzler.at\/wp-content\/uploads\/2025\/09\/DSCF2809-edited-scaled.jpg\" \/>\n\t<meta property=\"og:image:width\" content=\"1920\" \/>\n\t<meta property=\"og:image:height\" content=\"2560\" \/>\n\t<meta property=\"og:image:type\" content=\"image\/jpeg\" \/>\n<meta name=\"twitter:card\" content=\"summary_large_image\" \/>\n<meta name=\"twitter:label1\" content=\"Gesch\u00e4tzte Lesezeit\" \/>\n\t<meta name=\"twitter:data1\" content=\"1\u00a0Minute\" \/>\n<script type=\"application\/ld+json\" class=\"yoast-schema-graph\">{\"@context\":\"https:\/\/schema.org\",\"@graph\":[{\"@type\":\"WebPage\",\"@id\":\"https:\/\/krutzler.at\/bezug\/\",\"url\":\"https:\/\/krutzler.at\/bezug\/\",\"name\":\"Bezug - Weingut Krutzler\",\"isPartOf\":{\"@id\":\"https:\/\/krutzler.at\/#website\"},\"primaryImageOfPage\":{\"@id\":\"https:\/\/krutzler.at\/bezug\/#primaryimage\"},\"image\":{\"@id\":\"https:\/\/krutzler.at\/bezug\/#primaryimage\"},\"thumbnailUrl\":\"https:\/\/krutzler.at\/wp-content\/uploads\/2025\/09\/DSCF2809-edited-scaled.jpg\",\"datePublished\":\"2025-08-17T08:26:48+00:00\",\"dateModified\":\"2025-11-30T08:17:48+00:00\",\"description\":\"Bezugsquellen f\u00fcr Krutzler-Weine: H\u00e4ndler und Partner in \u00d6sterreich, Deutschland, Schweiz und international auf einen Blick.\",\"breadcrumb\":{\"@id\":\"https:\/\/krutzler.at\/bezug\/#breadcrumb\"},\"inLanguage\":\"de\",\"potentialAction\":[{\"@type\":\"ReadAction\",\"target\":[\"https:\/\/krutzler.at\/bezug\/\"]}]},{\"@type\":\"ImageObject\",\"inLanguage\":\"de\",\"@id\":\"https:\/\/krutzler.at\/bezug\/#primaryimage\",\"url\":\"https:\/\/krutzler.at\/wp-content\/uploads\/2025\/09\/DSCF2809-edited-scaled.jpg\",\"contentUrl\":\"https:\/\/krutzler.at\/wp-content\/uploads\/2025\/09\/DSCF2809-edited-scaled.jpg\",\"width\":1920,\"height\":2560},{\"@type\":\"BreadcrumbList\",\"@id\":\"https:\/\/krutzler.at\/bezug\/#breadcrumb\",\"itemListElement\":[{\"@type\":\"ListItem\",\"position\":1,\"name\":\"Startseite\",\"item\":\"https:\/\/krutzler.at\/\"},{\"@type\":\"ListItem\",\"position\":2,\"name\":\"Bezug\"}]},{\"@type\":\"WebSite\",\"@id\":\"https:\/\/krutzler.at\/#website\",\"url\":\"https:\/\/krutzler.at\/\",\"name\":\"Weingut Krutzler\",\"description\":\"\",\"publisher\":{\"@id\":\"https:\/\/krutzler.at\/#organization\"},\"potentialAction\":[{\"@type\":\"SearchAction\",\"target\":{\"@type\":\"EntryPoint\",\"urlTemplate\":\"https:\/\/krutzler.at\/?s={search_term_string}\"},\"query-input\":{\"@type\":\"PropertyValueSpecification\",\"valueRequired\":true,\"valueName\":\"search_term_string\"}}],\"inLanguage\":\"de\"},{\"@type\":\"Organization\",\"@id\":\"https:\/\/krutzler.at\/#organization\",\"name\":\"Weingut Krutzler\",\"url\":\"https:\/\/krutzler.at\/\",\"logo\":{\"@type\":\"ImageObject\",\"inLanguage\":\"de\",\"@id\":\"https:\/\/krutzler.at\/#\/schema\/logo\/image\/\",\"url\":\"https:\/\/krutzler.at\/wp-content\/uploads\/2025\/07\/Krutzler-Logo-RGB.png.png\",\"contentUrl\":\"https:\/\/krutzler.at\/wp-content\/uploads\/2025\/07\/Krutzler-Logo-RGB.png.png\",\"width\":360,\"height\":118,\"caption\":\"Weingut Krutzler\"},\"image\":{\"@id\":\"https:\/\/krutzler.at\/#\/schema\/logo\/image\/\"}}]}<\/script>\n<!-- \/ Yoast SEO plugin. -->","yoast_head_json":{"title":"Bezug - Weingut Krutzler","description":"Bezugsquellen f\u00fcr Krutzler-Weine: H\u00e4ndler und Partner in \u00d6sterreich, Deutschland, Schweiz und international auf einen Blick.","robots":{"index":"index","follow":"follow","max-snippet":"max-snippet:-1","max-image-preview":"max-image-preview:large","max-video-preview":"max-video-preview:-1"},"canonical":"https:\/\/krutzler.at\/de\/bezug\/","og_locale":"de_DE","og_type":"article","og_title":"Bezug - Weingut Krutzler","og_description":"Bezugsquellen f\u00fcr Krutzler-Weine: H\u00e4ndler und Partner in \u00d6sterreich, Deutschland, Schweiz und international auf einen Blick.","og_url":"https:\/\/krutzler.at\/de\/bezug\/","og_site_name":"Weingut Krutzler","article_modified_time":"2025-11-30T08:17:48+00:00","og_image":[{"width":1920,"height":2560,"url":"https:\/\/krutzler.at\/wp-content\/uploads\/2025\/09\/DSCF2809-edited-scaled.jpg","type":"image\/jpeg"}],"twitter_card":"summary_large_image","twitter_misc":{"Gesch\u00e4tzte Lesezeit":"1\u00a0Minute"},"schema":{"@context":"https:\/\/schema.org","@graph":[{"@type":"WebPage","@id":"https:\/\/krutzler.at\/bezug\/","url":"https:\/\/krutzler.at\/bezug\/","name":"Bezug - Weingut Krutzler","isPartOf":{"@id":"https:\/\/krutzler.at\/#website"},"primaryImageOfPage":{"@id":"https:\/\/krutzler.at\/bezug\/#primaryimage"},"image":{"@id":"https:\/\/krutzler.at\/bezug\/#primaryimage"},"thumbnailUrl":"https:\/\/krutzler.at\/wp-content\/uploads\/2025\/09\/DSCF2809-edited-scaled.jpg","datePublished":"2025-08-17T08:26:48+00:00","dateModified":"2025-11-30T08:17:48+00:00","description":"Bezugsquellen f\u00fcr Krutzler-Weine: H\u00e4ndler und Partner in \u00d6sterreich, Deutschland, Schweiz und international auf einen Blick.","breadcrumb":{"@id":"https:\/\/krutzler.at\/bezug\/#breadcrumb"},"inLanguage":"de","potentialAction":[{"@type":"ReadAction","target":["https:\/\/krutzler.at\/bezug\/"]}]},{"@type":"ImageObject","inLanguage":"de","@id":"https:\/\/krutzler.at\/bezug\/#primaryimage","url":"https:\/\/krutzler.at\/wp-content\/uploads\/2025\/09\/DSCF2809-edited-scaled.jpg","contentUrl":"https:\/\/krutzler.at\/wp-content\/uploads\/2025\/09\/DSCF2809-edited-scaled.jpg","width":1920,"height":2560},{"@type":"BreadcrumbList","@id":"https:\/\/krutzler.at\/bezug\/#breadcrumb","itemListElement":[{"@type":"ListItem","position":1,"name":"Startseite","item":"https:\/\/krutzler.at\/"},{"@type":"ListItem","position":2,"name":"Bezug"}]},{"@type":"WebSite","@id":"https:\/\/krutzler.at\/#website","url":"https:\/\/krutzler.at\/","name":"Weingut Krutzler","description":"","publisher":{"@id":"https:\/\/krutzler.at\/#organization"},"potentialAction":[{"@type":"SearchAction","target":{"@type":"EntryPoint","urlTemplate":"https:\/\/krutzler.at\/?s={search_term_string}"},"query-input":{"@type":"PropertyValueSpecification","valueRequired":true,"valueName":"search_term_string"}}],"inLanguage":"de"},{"@type":"Organization","@id":"https:\/\/krutzler.at\/#organization","name":"Weingut Krutzler","url":"https:\/\/krutzler.at\/","logo":{"@type":"ImageObject","inLanguage":"de","@id":"https:\/\/krutzler.at\/#\/schema\/logo\/image\/","url":"https:\/\/krutzler.at\/wp-content\/uploads\/2025\/07\/Krutzler-Logo-RGB.png.png","contentUrl":"https:\/\/krutzler.at\/wp-content\/uploads\/2025\/07\/Krutzler-Logo-RGB.png.png","width":360,"height":118,"caption":"Weingut Krutzler"},"image":{"@id":"https:\/\/krutzler.at\/#\/schema\/logo\/image\/"}}]}},"_links":{"self":[{"href":"http:\/\/krutzler.at\/de\/wp-json\/wp\/v2\/pages\/233","targetHints":{"allow":["GET"]}}],"collection":[{"href":"http:\/\/krutzler.at\/de\/wp-json\/wp\/v2\/pages"}],"about":[{"href":"http:\/\/krutzler.at\/de\/wp-json\/wp\/v2\/types\/page"}],"author":[{"embeddable":true,"href":"http:\/\/krutzler.at\/de\/wp-json\/wp\/v2\/users\/1"}],"replies":[{"embeddable":true,"href":"http:\/\/krutzler.at\/de\/wp-json\/wp\/v2\/comments?post=233"}],"version-history":[{"count":8,"href":"http:\/\/krutzler.at\/de\/wp-json\/wp\/v2\/pages\/233\/revisions"}],"predecessor-version":[{"id":548,"href":"http:\/\/krutzler.at\/de\/wp-json\/wp\/v2\/pages\/233\/revisions\/548"}],"wp:featuredmedia":[{"embeddable":true,"href":"http:\/\/krutzler.at\/de\/wp-json\/wp\/v2\/media\/422"}],"wp:attachment":[{"href":"http:\/\/krutzler.at\/de\/wp-json\/wp\/v2\/media?parent=233"}],"curies":[{"name":"wp","href":"https:\/\/api.w.org\/{rel}","templated":true}]}}