{"id":302,"date":"2025-09-12T14:20:24","date_gmt":"2025-09-12T14:20:24","guid":{"rendered":"http:\/\/vhkzxri.cluster100.hosting.ovh.net\/?page_id=302"},"modified":"2025-11-30T08:18:09","modified_gmt":"2025-11-30T08:18:09","slug":"datenschutz","status":"publish","type":"page","link":"http:\/\/krutzler.at\/de\/datenschutz\/","title":{"rendered":"Datenschutz"},"content":{"rendered":"\n<h2 class=\"wp-block-heading\"><strong>Datenschutz<\/strong><\/h2>\n\n\n\n<p>Der Schutz Ihrer pers\u00f6nlichen Daten ist uns ein besonderes Anliegen. Wir verarbeiten Ihre Daten daher ausschlie\u00dflich auf Grundlage der gesetzlichen Bestimmungen (DSGVO, TKG 2003). In dieser Datenschutzerkl\u00e4rung informieren wir Sie \u00fcber die wichtigsten Aspekte der Datenverarbeitung im Rahmen unserer Website.<\/p>\n\n\n\n<p><strong>Kontakt mit uns<\/strong><\/p>\n\n\n\n<p>Wenn Sie per Formular auf der Website oder per E-Mail Kontakt mit uns aufnehmen, werden Ihre angegebenen Daten zwecks Bearbeitung der Anfrage und f\u00fcr den Fall von Anschlussfragen 6 Monate bei uns gespeichert. Diese Daten geben wir nicht ohne Ihre Einwilligung weiter.<\/p>\n\n\n\n<p><strong>Zugriffsdaten \/ Server-Logfiles<\/strong><\/p>\n\n\n\n<p>Unser Hosting-Provider erhebt Daten \u00fcber Zugriffe auf die Website und speichert diese als \u201eServer-Logfiles\u201c. Folgende Daten werden protokolliert:<\/p>\n\n\n\n<ul class=\"wp-block-list\">\n<li>IP-Adresse des Besuchers<\/li>\n\n\n\n<li>Datum und Uhrzeit des Zugriffs<\/li>\n\n\n\n<li>abgerufene Seite\/Datei<\/li>\n\n\n\n<li>Browsertyp und Version<\/li>\n\n\n\n<li>verwendetes Betriebssystem<\/li>\n<\/ul>\n\n\n\n<p>Diese Daten sind nicht direkt bestimmten Personen zuordenbar und werden nicht mit anderen Datenquellen zusammengef\u00fchrt.<\/p>\n\n\n\n<p><strong>Cookies<\/strong><\/p>\n\n\n\n<p>Unsere Website verwendet Cookies, um die Benutzerfreundlichkeit zu verbessern. Cookies sind kleine Textdateien, die Ihr Browser auf Ihrem Endger\u00e4t ablegt.<br>Sie k\u00f6nnen Ihren Browser so einstellen, dass er Sie \u00fcber das Setzen von Cookies informiert und Sie dies nur im Einzelfall erlauben. Bei der Deaktivierung von Cookies kann die Funktionalit\u00e4t unserer Website eingeschr\u00e4nkt sein.<\/p>\n\n\n\n<p><strong>Ihre Rechte<\/strong><\/p>\n\n\n\n<p>Ihnen stehen grunds\u00e4tzlich die Rechte auf Auskunft, Berichtigung, L\u00f6schung, Einschr\u00e4nkung, Daten\u00fcbertragbarkeit, Widerruf und Widerspruch zu.<br>Wenn Sie glauben, dass die Verarbeitung Ihrer Daten gegen das Datenschutzrecht verst\u00f6\u00dft, k\u00f6nnen Sie sich bei uns oder der Datenschutzbeh\u00f6rde beschweren.<\/p>\n\n\n\n<p><strong>Verantwortlicher<\/strong><\/p>\n\n\n\n<p>Krutzler KG<br>Winzerstra\u00dfe 68, 7474 Deutsch Sch\u00fctzen<br>\u00d6sterreich<br>E-Mail: weingut@krutzler.at<br>Telefon: +43 664 1431983<\/p>\n","protected":false},"excerpt":{"rendered":"<p>Datenschutz Der Schutz Ihrer pers\u00f6nlichen Daten ist uns ein besonderes Anliegen. Wir verarbeiten Ihre Daten daher ausschlie\u00dflich auf Grundlage der gesetzlichen Bestimmungen (DSGVO, TKG 2003). In dieser Datenschutzerkl\u00e4rung informieren wir Sie \u00fcber die wichtigsten Aspekte der Datenverarbeitung im Rahmen unserer Website. Kontakt mit uns Wenn Sie per Formular auf der Website oder per E-Mail Kontakt [&hellip;]<\/p>\n","protected":false},"author":1,"featured_media":0,"parent":0,"menu_order":0,"comment_status":"closed","ping_status":"closed","template":"page-no-title","meta":{"footnotes":""},"class_list":["post-302","page","type-page","status-publish","hentry"],"yoast_head":"<!-- This site is optimized with the Yoast SEO plugin v26.9 - https:\/\/yoast.com\/product\/yoast-seo-wordpress\/ -->\n<title>Datenschutz - Weingut Krutzler<\/title>\n<meta name=\"description\" content=\"Erfahren Sie, wie wir Ihre pers\u00f6nlichen Daten sch\u00fctzen. Alle Informationen zu Datenschutz, Cookies und Ihren Rechten gem\u00e4\u00df DSGVO.\" \/>\n<meta name=\"robots\" content=\"index, follow, max-snippet:-1, max-image-preview:large, max-video-preview:-1\" \/>\n<link rel=\"canonical\" href=\"https:\/\/krutzler.at\/de\/datenschutz\/\" \/>\n<meta property=\"og:locale\" content=\"de_DE\" \/>\n<meta property=\"og:type\" content=\"article\" \/>\n<meta property=\"og:title\" content=\"Datenschutz - Weingut Krutzler\" \/>\n<meta property=\"og:description\" content=\"Erfahren Sie, wie wir Ihre pers\u00f6nlichen Daten sch\u00fctzen. Alle Informationen zu Datenschutz, Cookies und Ihren Rechten gem\u00e4\u00df DSGVO.\" \/>\n<meta property=\"og:url\" content=\"https:\/\/krutzler.at\/de\/datenschutz\/\" \/>\n<meta property=\"og:site_name\" content=\"Weingut Krutzler\" \/>\n<meta property=\"article:modified_time\" content=\"2025-11-30T08:18:09+00:00\" \/>\n<meta property=\"og:image\" content=\"https:\/\/krutzler.at\/wp-content\/uploads\/2025\/09\/DSCF2405-scaled.jpg\" \/>\n\t<meta property=\"og:image:width\" content=\"1920\" \/>\n\t<meta property=\"og:image:height\" content=\"2560\" \/>\n\t<meta property=\"og:image:type\" content=\"image\/jpeg\" \/>\n<meta name=\"twitter:card\" content=\"summary_large_image\" \/>\n<meta name=\"twitter:label1\" content=\"Gesch\u00e4tzte Lesezeit\" \/>\n\t<meta name=\"twitter:data1\" content=\"2\u00a0Minuten\" \/>\n<script type=\"application\/ld+json\" class=\"yoast-schema-graph\">{\"@context\":\"https:\/\/schema.org\",\"@graph\":[{\"@type\":\"WebPage\",\"@id\":\"https:\/\/krutzler.at\/datenschutz\/\",\"url\":\"https:\/\/krutzler.at\/datenschutz\/\",\"name\":\"Datenschutz - Weingut Krutzler\",\"isPartOf\":{\"@id\":\"https:\/\/krutzler.at\/#website\"},\"datePublished\":\"2025-09-12T14:20:24+00:00\",\"dateModified\":\"2025-11-30T08:18:09+00:00\",\"description\":\"Erfahren Sie, wie wir Ihre pers\u00f6nlichen Daten sch\u00fctzen. Alle Informationen zu Datenschutz, Cookies und Ihren Rechten gem\u00e4\u00df DSGVO.\",\"breadcrumb\":{\"@id\":\"https:\/\/krutzler.at\/datenschutz\/#breadcrumb\"},\"inLanguage\":\"de\",\"potentialAction\":[{\"@type\":\"ReadAction\",\"target\":[\"https:\/\/krutzler.at\/datenschutz\/\"]}]},{\"@type\":\"BreadcrumbList\",\"@id\":\"https:\/\/krutzler.at\/datenschutz\/#breadcrumb\",\"itemListElement\":[{\"@type\":\"ListItem\",\"position\":1,\"name\":\"Startseite\",\"item\":\"https:\/\/krutzler.at\/\"},{\"@type\":\"ListItem\",\"position\":2,\"name\":\"Datenschutz\"}]},{\"@type\":\"WebSite\",\"@id\":\"https:\/\/krutzler.at\/#website\",\"url\":\"https:\/\/krutzler.at\/\",\"name\":\"Weingut Krutzler\",\"description\":\"\",\"publisher\":{\"@id\":\"https:\/\/krutzler.at\/#organization\"},\"potentialAction\":[{\"@type\":\"SearchAction\",\"target\":{\"@type\":\"EntryPoint\",\"urlTemplate\":\"https:\/\/krutzler.at\/?s={search_term_string}\"},\"query-input\":{\"@type\":\"PropertyValueSpecification\",\"valueRequired\":true,\"valueName\":\"search_term_string\"}}],\"inLanguage\":\"de\"},{\"@type\":\"Organization\",\"@id\":\"https:\/\/krutzler.at\/#organization\",\"name\":\"Weingut Krutzler\",\"url\":\"https:\/\/krutzler.at\/\",\"logo\":{\"@type\":\"ImageObject\",\"inLanguage\":\"de\",\"@id\":\"https:\/\/krutzler.at\/#\/schema\/logo\/image\/\",\"url\":\"https:\/\/krutzler.at\/wp-content\/uploads\/2025\/07\/Krutzler-Logo-RGB.png.png\",\"contentUrl\":\"https:\/\/krutzler.at\/wp-content\/uploads\/2025\/07\/Krutzler-Logo-RGB.png.png\",\"width\":360,\"height\":118,\"caption\":\"Weingut Krutzler\"},\"image\":{\"@id\":\"https:\/\/krutzler.at\/#\/schema\/logo\/image\/\"}}]}<\/script>\n<!-- \/ Yoast SEO plugin. -->","yoast_head_json":{"title":"Datenschutz - Weingut Krutzler","description":"Erfahren Sie, wie wir Ihre pers\u00f6nlichen Daten sch\u00fctzen. Alle Informationen zu Datenschutz, Cookies und Ihren Rechten gem\u00e4\u00df DSGVO.","robots":{"index":"index","follow":"follow","max-snippet":"max-snippet:-1","max-image-preview":"max-image-preview:large","max-video-preview":"max-video-preview:-1"},"canonical":"https:\/\/krutzler.at\/de\/datenschutz\/","og_locale":"de_DE","og_type":"article","og_title":"Datenschutz - Weingut Krutzler","og_description":"Erfahren Sie, wie wir Ihre pers\u00f6nlichen Daten sch\u00fctzen. Alle Informationen zu Datenschutz, Cookies und Ihren Rechten gem\u00e4\u00df DSGVO.","og_url":"https:\/\/krutzler.at\/de\/datenschutz\/","og_site_name":"Weingut Krutzler","article_modified_time":"2025-11-30T08:18:09+00:00","og_image":[{"width":1920,"height":2560,"url":"https:\/\/krutzler.at\/wp-content\/uploads\/2025\/09\/DSCF2405-scaled.jpg","type":"image\/jpeg"}],"twitter_card":"summary_large_image","twitter_misc":{"Gesch\u00e4tzte Lesezeit":"2\u00a0Minuten"},"schema":{"@context":"https:\/\/schema.org","@graph":[{"@type":"WebPage","@id":"https:\/\/krutzler.at\/datenschutz\/","url":"https:\/\/krutzler.at\/datenschutz\/","name":"Datenschutz - Weingut Krutzler","isPartOf":{"@id":"https:\/\/krutzler.at\/#website"},"datePublished":"2025-09-12T14:20:24+00:00","dateModified":"2025-11-30T08:18:09+00:00","description":"Erfahren Sie, wie wir Ihre pers\u00f6nlichen Daten sch\u00fctzen. Alle Informationen zu Datenschutz, Cookies und Ihren Rechten gem\u00e4\u00df DSGVO.","breadcrumb":{"@id":"https:\/\/krutzler.at\/datenschutz\/#breadcrumb"},"inLanguage":"de","potentialAction":[{"@type":"ReadAction","target":["https:\/\/krutzler.at\/datenschutz\/"]}]},{"@type":"BreadcrumbList","@id":"https:\/\/krutzler.at\/datenschutz\/#breadcrumb","itemListElement":[{"@type":"ListItem","position":1,"name":"Startseite","item":"https:\/\/krutzler.at\/"},{"@type":"ListItem","position":2,"name":"Datenschutz"}]},{"@type":"WebSite","@id":"https:\/\/krutzler.at\/#website","url":"https:\/\/krutzler.at\/","name":"Weingut Krutzler","description":"","publisher":{"@id":"https:\/\/krutzler.at\/#organization"},"potentialAction":[{"@type":"SearchAction","target":{"@type":"EntryPoint","urlTemplate":"https:\/\/krutzler.at\/?s={search_term_string}"},"query-input":{"@type":"PropertyValueSpecification","valueRequired":true,"valueName":"search_term_string"}}],"inLanguage":"de"},{"@type":"Organization","@id":"https:\/\/krutzler.at\/#organization","name":"Weingut Krutzler","url":"https:\/\/krutzler.at\/","logo":{"@type":"ImageObject","inLanguage":"de","@id":"https:\/\/krutzler.at\/#\/schema\/logo\/image\/","url":"https:\/\/krutzler.at\/wp-content\/uploads\/2025\/07\/Krutzler-Logo-RGB.png.png","contentUrl":"https:\/\/krutzler.at\/wp-content\/uploads\/2025\/07\/Krutzler-Logo-RGB.png.png","width":360,"height":118,"caption":"Weingut Krutzler"},"image":{"@id":"https:\/\/krutzler.at\/#\/schema\/logo\/image\/"}}]}},"_links":{"self":[{"href":"http:\/\/krutzler.at\/de\/wp-json\/wp\/v2\/pages\/302","targetHints":{"allow":["GET"]}}],"collection":[{"href":"http:\/\/krutzler.at\/de\/wp-json\/wp\/v2\/pages"}],"about":[{"href":"http:\/\/krutzler.at\/de\/wp-json\/wp\/v2\/types\/page"}],"author":[{"embeddable":true,"href":"http:\/\/krutzler.at\/de\/wp-json\/wp\/v2\/users\/1"}],"replies":[{"embeddable":true,"href":"http:\/\/krutzler.at\/de\/wp-json\/wp\/v2\/comments?post=302"}],"version-history":[{"count":3,"href":"http:\/\/krutzler.at\/de\/wp-json\/wp\/v2\/pages\/302\/revisions"}],"predecessor-version":[{"id":544,"href":"http:\/\/krutzler.at\/de\/wp-json\/wp\/v2\/pages\/302\/revisions\/544"}],"wp:attachment":[{"href":"http:\/\/krutzler.at\/de\/wp-json\/wp\/v2\/media?parent=302"}],"curies":[{"name":"wp","href":"https:\/\/api.w.org\/{rel}","templated":true}]}}