{"id":303,"date":"2025-10-23T13:06:19","date_gmt":"2025-10-23T13:06:19","guid":{"rendered":"http:\/\/vhkzxri.cluster100.hosting.ovh.net\/?page_id=303"},"modified":"2025-12-07T15:25:03","modified_gmt":"2025-12-07T15:25:03","slug":"news","status":"publish","type":"page","link":"http:\/\/krutzler.at\/de\/news\/","title":{"rendered":"News"},"content":{"rendered":"\n<h1 class=\"wp-block-heading alignfull\">AKTUELLES VOM WEINGUT KRUTZLER<\/h1>\n\n\n\n<div class=\"wp-block-columns alignfull is-layout-flex wp-container-core-columns-is-layout-d0b3c9c8 wp-block-columns-is-layout-flex\">\n<div class=\"wp-block-column is-layout-flow wp-block-column-is-layout-flow\" style=\"flex-basis:50%\">\n<p>Aktuelle Neuigkeiten, Veranstaltungen und Wissenswertes rund um das Weingut.<br><\/p>\n<\/div>\n\n\n\n<div class=\"wp-block-column tw-sm-hidden is-layout-flow wp-block-column-is-layout-flow\" style=\"flex-basis:50%\"><\/div>\n<\/div>\n\n\n\n<div style=\"height:21px\" aria-hidden=\"true\" class=\"wp-block-spacer\"><\/div>\n\n\n\n<div class=\"wp-block-columns alignfull is-layout-flex wp-container-core-columns-is-layout-d0b3c9c8 wp-block-columns-is-layout-flex\">\n<div class=\"wp-block-column is-layout-flow wp-block-column-is-layout-flow\">\n<h2 class=\"wp-block-heading\">VINARIA WEINGUIDE 2025\/26<\/h2>\n\n\n\n<figure class=\"wp-block-image size-large\"><img loading=\"lazy\" decoding=\"async\" width=\"1140\" height=\"546\" src=\"http:\/\/krutzler.at\/wp-content\/uploads\/2025\/09\/vinaria-weinguide-2025-26-gross-1140x546.jpg\" alt=\"\" class=\"wp-image-500\" style=\"aspect-ratio:16\/9;object-fit:cover\" srcset=\"https:\/\/krutzler.at\/wp-content\/uploads\/2025\/09\/vinaria-weinguide-2025-26-gross-1140x546.jpg 1140w, https:\/\/krutzler.at\/wp-content\/uploads\/2025\/09\/vinaria-weinguide-2025-26-gross-550x263.jpg 550w, https:\/\/krutzler.at\/wp-content\/uploads\/2025\/09\/vinaria-weinguide-2025-26-gross-840x402.jpg 840w, https:\/\/krutzler.at\/wp-content\/uploads\/2025\/09\/vinaria-weinguide-2025-26-gross-1536x735.jpg 1536w, https:\/\/krutzler.at\/wp-content\/uploads\/2025\/09\/vinaria-weinguide-2025-26-gross-1320x632.jpg 1320w, https:\/\/krutzler.at\/wp-content\/uploads\/2025\/09\/vinaria-weinguide-2025-26-gross.jpg 1700w\" sizes=\"auto, (max-width: 1140px) 100vw, 1140px\" \/><\/figure>\n<\/div>\n\n\n\n<div class=\"wp-block-column is-layout-flow wp-block-column-is-layout-flow\">\n<p class=\"has-large-font-size\" style=\"text-transform:uppercase\"><strong>3 TOP BEWERTUNGEN<\/strong><\/p>\n\n\n\n<p>f\u00fcr Perwolff, Merlot und Alter Weingarten und 4 Sterne f\u00fcr den Welschriesling Ried Ratschen.<\/p>\n\n\n\n<p><strong>Aus den Verkostungsnotizen:<\/strong> 2023 Welschriesling Ried Ratschen + Bukett nach wei\u00dfen Bl\u00fcten, anf\u00e4nglich mit hellfruchtigen Noten, Melange von Wiesenkr\u00e4utern und heller Exotik, Steinobst, ger\u00f6stete Mandeln, vital, zartherb, \u00f6ffnet sich allm\u00e4hlich mit kompaktem Fruchtspiel, Quitte, Steinobst, viel Zitrus, wohldosierte Gerbstoffeinbindung, salzige Komponenten, charaktervolle Stilistik, vielschichtig, feiner Fruchtschmelz im Abgang, gro\u00dfartige Lageninterpretation, gro\u00dfe Zukunft.<\/p>\n<\/div>\n<\/div>\n\n\n\n<hr class=\"wp-block-separator alignfull has-alpha-channel-opacity\"\/>\n","protected":false},"excerpt":{"rendered":"<p>AKTUELLES VOM WEINGUT KRUTZLER Aktuelle Neuigkeiten, Veranstaltungen und Wissenswertes rund um das Weingut. VINARIA WEINGUIDE 2025\/26 3 TOP BEWERTUNGEN f\u00fcr Perwolff, Merlot und Alter Weingarten und 4 Sterne f\u00fcr den Welschriesling Ried Ratschen. Aus den Verkostungsnotizen: 2023 Welschriesling Ried Ratschen + Bukett nach wei\u00dfen Bl\u00fcten, anf\u00e4nglich mit hellfruchtigen Noten, Melange von Wiesenkr\u00e4utern und heller Exotik, [&hellip;]<\/p>\n","protected":false},"author":1,"featured_media":498,"parent":0,"menu_order":0,"comment_status":"closed","ping_status":"closed","template":"","meta":{"footnotes":""},"class_list":["post-303","page","type-page","status-publish","has-post-thumbnail","hentry"],"yoast_head":"<!-- This site is optimized with the Yoast SEO plugin v26.9 - https:\/\/yoast.com\/product\/yoast-seo-wordpress\/ -->\n<title>News - Weingut Krutzler<\/title>\n<meta name=\"description\" content=\"HIer erfahren Sie aktuelle Neuigkeiten, Veranstaltungen oder auch Wissenswertes rund um das Weingut Krutzler.\" \/>\n<meta name=\"robots\" content=\"index, follow, max-snippet:-1, max-image-preview:large, max-video-preview:-1\" \/>\n<link rel=\"canonical\" href=\"https:\/\/krutzler.at\/de\/news\/\" \/>\n<meta property=\"og:locale\" content=\"de_DE\" \/>\n<meta property=\"og:type\" content=\"article\" \/>\n<meta property=\"og:title\" content=\"News - Weingut Krutzler\" \/>\n<meta property=\"og:description\" content=\"HIer erfahren Sie aktuelle Neuigkeiten, Veranstaltungen oder auch Wissenswertes rund um das Weingut Krutzler.\" \/>\n<meta property=\"og:url\" content=\"https:\/\/krutzler.at\/de\/news\/\" \/>\n<meta property=\"og:site_name\" content=\"Weingut Krutzler\" \/>\n<meta property=\"article:modified_time\" content=\"2025-12-07T15:25:03+00:00\" \/>\n<meta property=\"og:image\" content=\"https:\/\/krutzler.at\/wp-content\/uploads\/2025\/09\/DSCF2594-min-scaled.jpg\" \/>\n\t<meta property=\"og:image:width\" content=\"2560\" \/>\n\t<meta property=\"og:image:height\" content=\"1245\" \/>\n\t<meta property=\"og:image:type\" content=\"image\/jpeg\" \/>\n<meta name=\"twitter:card\" content=\"summary_large_image\" \/>\n<meta name=\"twitter:label1\" content=\"Gesch\u00e4tzte Lesezeit\" \/>\n\t<meta name=\"twitter:data1\" content=\"1\u00a0Minute\" \/>\n<script type=\"application\/ld+json\" class=\"yoast-schema-graph\">{\"@context\":\"https:\/\/schema.org\",\"@graph\":[{\"@type\":\"WebPage\",\"@id\":\"https:\/\/krutzler.at\/news\/\",\"url\":\"https:\/\/krutzler.at\/news\/\",\"name\":\"News - Weingut Krutzler\",\"isPartOf\":{\"@id\":\"https:\/\/krutzler.at\/#website\"},\"primaryImageOfPage\":{\"@id\":\"https:\/\/krutzler.at\/news\/#primaryimage\"},\"image\":{\"@id\":\"https:\/\/krutzler.at\/news\/#primaryimage\"},\"thumbnailUrl\":\"https:\/\/krutzler.at\/wp-content\/uploads\/2025\/09\/DSCF2594-min-scaled.jpg\",\"datePublished\":\"2025-10-23T13:06:19+00:00\",\"dateModified\":\"2025-12-07T15:25:03+00:00\",\"description\":\"HIer erfahren Sie aktuelle Neuigkeiten, Veranstaltungen oder auch Wissenswertes rund um das Weingut Krutzler.\",\"breadcrumb\":{\"@id\":\"https:\/\/krutzler.at\/news\/#breadcrumb\"},\"inLanguage\":\"de\",\"potentialAction\":[{\"@type\":\"ReadAction\",\"target\":[\"https:\/\/krutzler.at\/news\/\"]}]},{\"@type\":\"ImageObject\",\"inLanguage\":\"de\",\"@id\":\"https:\/\/krutzler.at\/news\/#primaryimage\",\"url\":\"https:\/\/krutzler.at\/wp-content\/uploads\/2025\/09\/DSCF2594-min-scaled.jpg\",\"contentUrl\":\"https:\/\/krutzler.at\/wp-content\/uploads\/2025\/09\/DSCF2594-min-scaled.jpg\",\"width\":2560,\"height\":1245},{\"@type\":\"BreadcrumbList\",\"@id\":\"https:\/\/krutzler.at\/news\/#breadcrumb\",\"itemListElement\":[{\"@type\":\"ListItem\",\"position\":1,\"name\":\"Startseite\",\"item\":\"https:\/\/krutzler.at\/\"},{\"@type\":\"ListItem\",\"position\":2,\"name\":\"News\"}]},{\"@type\":\"WebSite\",\"@id\":\"https:\/\/krutzler.at\/#website\",\"url\":\"https:\/\/krutzler.at\/\",\"name\":\"Weingut Krutzler\",\"description\":\"\",\"publisher\":{\"@id\":\"https:\/\/krutzler.at\/#organization\"},\"potentialAction\":[{\"@type\":\"SearchAction\",\"target\":{\"@type\":\"EntryPoint\",\"urlTemplate\":\"https:\/\/krutzler.at\/?s={search_term_string}\"},\"query-input\":{\"@type\":\"PropertyValueSpecification\",\"valueRequired\":true,\"valueName\":\"search_term_string\"}}],\"inLanguage\":\"de\"},{\"@type\":\"Organization\",\"@id\":\"https:\/\/krutzler.at\/#organization\",\"name\":\"Weingut Krutzler\",\"url\":\"https:\/\/krutzler.at\/\",\"logo\":{\"@type\":\"ImageObject\",\"inLanguage\":\"de\",\"@id\":\"https:\/\/krutzler.at\/#\/schema\/logo\/image\/\",\"url\":\"https:\/\/krutzler.at\/wp-content\/uploads\/2025\/07\/Krutzler-Logo-RGB.png.png\",\"contentUrl\":\"https:\/\/krutzler.at\/wp-content\/uploads\/2025\/07\/Krutzler-Logo-RGB.png.png\",\"width\":360,\"height\":118,\"caption\":\"Weingut Krutzler\"},\"image\":{\"@id\":\"https:\/\/krutzler.at\/#\/schema\/logo\/image\/\"}}]}<\/script>\n<!-- \/ Yoast SEO plugin. -->","yoast_head_json":{"title":"News - Weingut Krutzler","description":"HIer erfahren Sie aktuelle Neuigkeiten, Veranstaltungen oder auch Wissenswertes rund um das Weingut Krutzler.","robots":{"index":"index","follow":"follow","max-snippet":"max-snippet:-1","max-image-preview":"max-image-preview:large","max-video-preview":"max-video-preview:-1"},"canonical":"https:\/\/krutzler.at\/de\/news\/","og_locale":"de_DE","og_type":"article","og_title":"News - Weingut Krutzler","og_description":"HIer erfahren Sie aktuelle Neuigkeiten, Veranstaltungen oder auch Wissenswertes rund um das Weingut Krutzler.","og_url":"https:\/\/krutzler.at\/de\/news\/","og_site_name":"Weingut Krutzler","article_modified_time":"2025-12-07T15:25:03+00:00","og_image":[{"width":2560,"height":1245,"url":"https:\/\/krutzler.at\/wp-content\/uploads\/2025\/09\/DSCF2594-min-scaled.jpg","type":"image\/jpeg"}],"twitter_card":"summary_large_image","twitter_misc":{"Gesch\u00e4tzte Lesezeit":"1\u00a0Minute"},"schema":{"@context":"https:\/\/schema.org","@graph":[{"@type":"WebPage","@id":"https:\/\/krutzler.at\/news\/","url":"https:\/\/krutzler.at\/news\/","name":"News - Weingut Krutzler","isPartOf":{"@id":"https:\/\/krutzler.at\/#website"},"primaryImageOfPage":{"@id":"https:\/\/krutzler.at\/news\/#primaryimage"},"image":{"@id":"https:\/\/krutzler.at\/news\/#primaryimage"},"thumbnailUrl":"https:\/\/krutzler.at\/wp-content\/uploads\/2025\/09\/DSCF2594-min-scaled.jpg","datePublished":"2025-10-23T13:06:19+00:00","dateModified":"2025-12-07T15:25:03+00:00","description":"HIer erfahren Sie aktuelle Neuigkeiten, Veranstaltungen oder auch Wissenswertes rund um das Weingut Krutzler.","breadcrumb":{"@id":"https:\/\/krutzler.at\/news\/#breadcrumb"},"inLanguage":"de","potentialAction":[{"@type":"ReadAction","target":["https:\/\/krutzler.at\/news\/"]}]},{"@type":"ImageObject","inLanguage":"de","@id":"https:\/\/krutzler.at\/news\/#primaryimage","url":"https:\/\/krutzler.at\/wp-content\/uploads\/2025\/09\/DSCF2594-min-scaled.jpg","contentUrl":"https:\/\/krutzler.at\/wp-content\/uploads\/2025\/09\/DSCF2594-min-scaled.jpg","width":2560,"height":1245},{"@type":"BreadcrumbList","@id":"https:\/\/krutzler.at\/news\/#breadcrumb","itemListElement":[{"@type":"ListItem","position":1,"name":"Startseite","item":"https:\/\/krutzler.at\/"},{"@type":"ListItem","position":2,"name":"News"}]},{"@type":"WebSite","@id":"https:\/\/krutzler.at\/#website","url":"https:\/\/krutzler.at\/","name":"Weingut Krutzler","description":"","publisher":{"@id":"https:\/\/krutzler.at\/#organization"},"potentialAction":[{"@type":"SearchAction","target":{"@type":"EntryPoint","urlTemplate":"https:\/\/krutzler.at\/?s={search_term_string}"},"query-input":{"@type":"PropertyValueSpecification","valueRequired":true,"valueName":"search_term_string"}}],"inLanguage":"de"},{"@type":"Organization","@id":"https:\/\/krutzler.at\/#organization","name":"Weingut Krutzler","url":"https:\/\/krutzler.at\/","logo":{"@type":"ImageObject","inLanguage":"de","@id":"https:\/\/krutzler.at\/#\/schema\/logo\/image\/","url":"https:\/\/krutzler.at\/wp-content\/uploads\/2025\/07\/Krutzler-Logo-RGB.png.png","contentUrl":"https:\/\/krutzler.at\/wp-content\/uploads\/2025\/07\/Krutzler-Logo-RGB.png.png","width":360,"height":118,"caption":"Weingut Krutzler"},"image":{"@id":"https:\/\/krutzler.at\/#\/schema\/logo\/image\/"}}]}},"_links":{"self":[{"href":"http:\/\/krutzler.at\/de\/wp-json\/wp\/v2\/pages\/303","targetHints":{"allow":["GET"]}}],"collection":[{"href":"http:\/\/krutzler.at\/de\/wp-json\/wp\/v2\/pages"}],"about":[{"href":"http:\/\/krutzler.at\/de\/wp-json\/wp\/v2\/types\/page"}],"author":[{"embeddable":true,"href":"http:\/\/krutzler.at\/de\/wp-json\/wp\/v2\/users\/1"}],"replies":[{"embeddable":true,"href":"http:\/\/krutzler.at\/de\/wp-json\/wp\/v2\/comments?post=303"}],"version-history":[{"count":8,"href":"http:\/\/krutzler.at\/de\/wp-json\/wp\/v2\/pages\/303\/revisions"}],"predecessor-version":[{"id":953,"href":"http:\/\/krutzler.at\/de\/wp-json\/wp\/v2\/pages\/303\/revisions\/953"}],"wp:featuredmedia":[{"embeddable":true,"href":"http:\/\/krutzler.at\/de\/wp-json\/wp\/v2\/media\/498"}],"wp:attachment":[{"href":"http:\/\/krutzler.at\/de\/wp-json\/wp\/v2\/media?parent=303"}],"curies":[{"name":"wp","href":"https:\/\/api.w.org\/{rel}","templated":true}]}}