{"id":481,"date":"2025-09-25T20:58:35","date_gmt":"2025-09-25T20:58:35","guid":{"rendered":"http:\/\/vhkzxri.cluster100.hosting.ovh.net\/?page_id=481"},"modified":"2025-11-30T08:20:51","modified_gmt":"2025-11-30T08:20:51","slug":"sudburgenland-guide","status":"publish","type":"page","link":"http:\/\/krutzler.at\/de\/sudburgenland-guide\/","title":{"rendered":"S\u00fcdburgenland-Guide"},"content":{"rendered":"\n<h1 class=\"wp-block-heading alignfull\"><strong>S\u00fcdburgenland-Guide<\/strong><br><\/h1>\n\n\n\n<div class=\"wp-block-columns alignfull is-layout-flex wp-container-core-columns-is-layout-d0b3c9c8 wp-block-columns-is-layout-flex\">\n<div class=\"wp-block-column is-layout-flow wp-block-column-is-layout-flow\" style=\"flex-basis:50%\">\n<p>Unser Weingut liegt im Herzen des S\u00fcdburgenlands \u2013 einer Region voller Ruhe, Natur und kulinarischer Gen\u00fcsse. Hier einige Empfehlungen, um den Besuch rund um Deutsch Sch\u00fctzen und den Eisenberg perfekt zu machen.<br><br><\/p>\n<\/div>\n\n\n\n<div class=\"wp-block-column is-layout-flow wp-block-column-is-layout-flow\" style=\"flex-basis:50%\"><\/div>\n<\/div>\n\n\n\n<div class=\"wp-block-columns alignfull is-layout-flex wp-container-core-columns-is-layout-d0b3c9c8 wp-block-columns-is-layout-flex\">\n<div class=\"wp-block-column is-layout-flow wp-block-column-is-layout-flow\">\n<h2 class=\"wp-block-heading\"><strong>INFORMATION<\/strong><\/h2>\n\n\n\n<div style=\"height:2px\" aria-hidden=\"true\" class=\"wp-block-spacer\"><\/div>\n\n\n\n<p class=\"has-large-font-size\"><a href=\"https:\/\/www.eisenberg-dac.at\/\" target=\"_blank\" rel=\"noreferrer noopener\">EISENBERG DAC<\/a><\/p>\n\n\n\n<hr class=\"wp-block-separator has-alpha-channel-opacity\"\/>\n\n\n\n<p class=\"has-large-font-size\"><a href=\"https:\/\/www.weinidylle.at\/de\/\" target=\"_blank\" rel=\"noreferrer noopener\">WEINIDYLLE<\/a><\/p>\n\n\n\n<hr class=\"wp-block-separator has-alpha-channel-opacity\"\/>\n\n\n\n<p class=\"has-large-font-size\"><a href=\"https:\/\/www.burgenland.info\/weinbaugebiet-suedburgenland\" target=\"_blank\" rel=\"noreferrer noopener\">BURGENLAND TOURISMUS<\/a><\/p>\n\n\n\n<hr class=\"wp-block-separator has-alpha-channel-opacity\"\/>\n<\/div>\n\n\n\n<div class=\"wp-block-column tw-sm-hidden is-layout-flow wp-block-column-is-layout-flow\"><\/div>\n<\/div>\n\n\n\n<div style=\"height:33px\" aria-hidden=\"true\" class=\"wp-block-spacer\"><\/div>\n\n\n\n<div class=\"wp-block-columns alignfull is-layout-flex wp-container-core-columns-is-layout-d0b3c9c8 wp-block-columns-is-layout-flex\">\n<div class=\"wp-block-column is-layout-flow wp-block-column-is-layout-flow\">\n<h2 class=\"wp-block-heading\"><strong>Buschensch\u00c4nke<\/strong><\/h2>\n\n\n\n<div style=\"height:2px\" aria-hidden=\"true\" class=\"wp-block-spacer\"><\/div>\n\n\n\n<p class=\"has-large-font-size\"><a href=\"https:\/\/wieslerschreiner.at\/\" target=\"_blank\" rel=\"noreferrer noopener\">WEINGUT WIESLER-SCHREINER<\/a><\/p>\n\n\n\n<hr class=\"wp-block-separator has-alpha-channel-opacity\"\/>\n\n\n\n<p class=\"has-large-font-size\"><a href=\"https:\/\/kopfensteiner.at\/\" target=\"_blank\" rel=\"noreferrer noopener\">WEINGUT KOPFENSTEINER<\/a><\/p>\n\n\n\n<hr class=\"wp-block-separator has-alpha-channel-opacity\"\/>\n\n\n\n<p class=\"has-large-font-size\"><a href=\"https:\/\/weinek-wein.at\/\" target=\"_blank\" rel=\"noreferrer noopener\">WEINEK\u00b4S SCHENKHAUS<\/a><\/p>\n\n\n\n<hr class=\"wp-block-separator has-alpha-channel-opacity\"\/>\n\n\n\n<p class=\"has-large-font-size\"><a href=\"https:\/\/www.weingut-grosz.at\/\" target=\"_blank\" rel=\"noreferrer noopener\">WEINGUT GROSZ<\/a><\/p>\n\n\n\n<hr class=\"wp-block-separator has-alpha-channel-opacity\"\/>\n\n\n\n<p class=\"has-large-font-size\"><a href=\"https:\/\/weinek-wein.at\/\" target=\"_blank\" rel=\"noreferrer noopener\">WEINGUT HERCZEG<\/a><\/p>\n\n\n\n<hr class=\"wp-block-separator has-alpha-channel-opacity\"\/>\n<\/div>\n\n\n\n<div class=\"wp-block-column is-layout-flow wp-block-column-is-layout-flow\">\n<p class=\"has-large-font-size\" style=\"text-transform:uppercase\"><a href=\"https:\/\/csencsits.at\/essen\/auscsteckt\/\" data-type=\"link\" data-id=\"https:\/\/csencsits.at\/essen\/auscsteckt\/\" target=\"_blank\" rel=\"noreferrer noopener\">AUSCSTECKT BEIM CSENCSITS<\/a><\/p>\n\n\n\n<hr class=\"wp-block-separator has-alpha-channel-opacity\"\/>\n\n\n\n<p class=\"has-large-font-size\" style=\"text-transform:uppercase\"><a href=\"https:\/\/www.wachter-wiesler.at\" target=\"_blank\" rel=\"noreferrer noopener\">WEINGUT WACHTER-WIESLER<\/a><\/p>\n\n\n\n<hr class=\"wp-block-separator has-alpha-channel-opacity\"\/>\n\n\n\n<p class=\"has-large-font-size\"><a href=\"https:\/\/www.wallnerwein.at\/Buschenschank\/\" target=\"_blank\" rel=\"noreferrer noopener\">WEINGUT WALLNER<\/a><\/p>\n\n\n\n<hr class=\"wp-block-separator has-alpha-channel-opacity\"\/>\n\n\n\n<p class=\"has-large-font-size\" style=\"text-transform:uppercase\"><a href=\"https:\/\/www.rony.at\" data-type=\"link\" data-id=\"https:\/\/www.rony.at\" target=\"_blank\" rel=\"noreferrer noopener\">RONY\u00b4S BUSCHENSCHANK<\/a><\/p>\n\n\n\n<hr class=\"wp-block-separator has-alpha-channel-opacity\"\/>\n\n\n\n<p class=\"has-large-font-size\"><a href=\"https:\/\/www.szemes.at\/\" target=\"_blank\" rel=\"noreferrer noopener\">WEINGUT SZEMES<\/a><\/p>\n\n\n\n<hr class=\"wp-block-separator has-alpha-channel-opacity\"\/>\n\n\n\n<p class=\"has-large-font-size\"><a href=\"https:\/\/www.straka.wine\/veranstaltungen\" target=\"_blank\" rel=\"noreferrer noopener\">WEINGUT STRAKA<\/a><\/p>\n\n\n\n<hr class=\"wp-block-separator has-alpha-channel-opacity\"\/>\n<\/div>\n<\/div>\n\n\n\n<div style=\"height:33px\" aria-hidden=\"true\" class=\"wp-block-spacer\"><\/div>\n\n\n\n<div class=\"wp-block-columns alignfull is-layout-flex wp-container-core-columns-is-layout-d0b3c9c8 wp-block-columns-is-layout-flex\">\n<div class=\"wp-block-column is-layout-flow wp-block-column-is-layout-flow\">\n<h2 class=\"wp-block-heading\"><strong>WIRTSH\u00c4USER<\/strong><\/h2>\n\n\n\n<div style=\"height:2px\" aria-hidden=\"true\" class=\"wp-block-spacer\"><\/div>\n\n\n\n<p class=\"has-large-font-size\"><a href=\"https:\/\/www.gasthof-wurglits.at\/getraenke-speisen\" target=\"_blank\" rel=\"noreferrer noopener\">GASTHOF WURGLITS<\/a><\/p>\n\n\n\n<hr class=\"wp-block-separator has-alpha-channel-opacity\"\/>\n\n\n\n<p class=\"has-large-font-size\"><a href=\"https:\/\/www.hotel-krutzler.at\/gasthof\/\" target=\"_blank\" rel=\"noreferrer noopener\">GENUSSGASTHOF KRUTZLER<\/a><\/p>\n\n\n\n<hr class=\"wp-block-separator has-alpha-channel-opacity\"\/>\n\n\n\n<p class=\"has-large-font-size\"><a href=\"https:\/\/www.ratschen.at\/restaurant\/\" target=\"_blank\" rel=\"noreferrer noopener\">AM RATSCHEN<\/a><\/p>\n\n\n\n<hr class=\"wp-block-separator has-alpha-channel-opacity\"\/>\n<\/div>\n\n\n\n<div class=\"wp-block-column is-layout-flow wp-block-column-is-layout-flow\">\n<p class=\"has-large-font-size\" style=\"text-transform:uppercase\"><a href=\"https:\/\/csencsits.at\" target=\"_blank\" rel=\"noreferrer noopener\">GASTHAUS CSENCSITS<\/a><\/p>\n\n\n\n<hr class=\"wp-block-separator has-alpha-channel-opacity\"\/>\n\n\n\n<p class=\"has-large-font-size\"><a href=\"https:\/\/www.gasthaus-fandl.at\" target=\"_blank\" rel=\"noreferrer noopener\">GASTHOF FANDL<\/a><\/p>\n\n\n\n<hr class=\"wp-block-separator has-alpha-channel-opacity\"\/>\n\n\n\n<p class=\"has-large-font-size\"><a href=\"https:\/\/www.beimlegath.at\/lehmbau\/\" target=\"_blank\" rel=\"noreferrer noopener\">BEIM LEGATH<\/a><\/p>\n\n\n\n<hr class=\"wp-block-separator has-alpha-channel-opacity\"\/>\n\n\n\n<p class=\"has-large-font-size\"><a href=\"https:\/\/www.burgrestaurant-pelikan.at\" target=\"_blank\" rel=\"noreferrer noopener\">BURGRESTAURANT G\u00dcSSING<\/a><\/p>\n\n\n\n<hr class=\"wp-block-separator has-alpha-channel-opacity\"\/>\n<\/div>\n<\/div>\n\n\n\n<div style=\"height:33px\" aria-hidden=\"true\" class=\"wp-block-spacer\"><\/div>\n\n\n\n<div class=\"wp-block-columns alignfull is-layout-flex wp-container-core-columns-is-layout-d0b3c9c8 wp-block-columns-is-layout-flex\">\n<div class=\"wp-block-column is-layout-flow wp-block-column-is-layout-flow\">\n<h2 class=\"wp-block-heading\"><strong>SCHLAFEN<\/strong><\/h2>\n\n\n\n<div style=\"height:2px\" aria-hidden=\"true\" class=\"wp-block-spacer\"><\/div>\n\n\n\n<p class=\"has-large-font-size\"><a href=\"https:\/\/www.ratschen.at\" target=\"_blank\" rel=\"noreferrer noopener\">AM RATSCHEN<\/a><\/p>\n\n\n\n<hr class=\"wp-block-separator has-alpha-channel-opacity\"\/>\n\n\n\n<p class=\"has-large-font-size\"><a href=\"https:\/\/www.weinlofts.at\/index.php\/de\/,\" target=\"_blank\" rel=\"noreferrer noopener\">WEINLOFTS AM EISENBERG<\/a><\/p>\n\n\n\n<hr class=\"wp-block-separator has-alpha-channel-opacity\"\/>\n\n\n\n<p class=\"has-large-font-size\"><a href=\"https:\/\/meixner-kellerstoeckl.at\" target=\"_blank\" rel=\"noreferrer noopener\">KELLERST\u00d6CKL MEIXNER<\/a><\/p>\n\n\n\n<hr class=\"wp-block-separator has-alpha-channel-opacity\"\/>\n<\/div>\n\n\n\n<div class=\"wp-block-column is-layout-flow wp-block-column-is-layout-flow\">\n<p class=\"has-large-font-size\" style=\"text-transform:uppercase\"><a href=\"https:\/\/www.hotel-krutzler.at\/\" target=\"_blank\" rel=\"noreferrer noopener\">HOTEL KRUTZLER IN HEILIGENBRUNN<\/a><\/p>\n\n\n\n<hr class=\"wp-block-separator has-alpha-channel-opacity\"\/>\n\n\n\n<p class=\"has-large-font-size\"><a href=\"https:\/\/schuetzenerberg.at\/appartements\/\" target=\"_blank\" rel=\"noreferrer noopener\">WEINGUT ROSNER UNGER<\/a><\/p>\n\n\n\n<hr class=\"wp-block-separator has-alpha-channel-opacity\"\/>\n\n\n\n<p class=\"has-large-font-size\"><a href=\"https:\/\/www.weinberg-chalets.at\/\" target=\"_blank\" rel=\"noreferrer noopener\">WEINBERG CHALETS<\/a><\/p>\n\n\n\n<hr class=\"wp-block-separator has-alpha-channel-opacity\"\/>\n\n\n\n<p class=\"has-large-font-size\"><a href=\"https:\/\/www.wein-cottage.at\/\" target=\"_blank\" rel=\"noreferrer noopener\">WEIN COTTAGE<\/a><\/p>\n\n\n\n<hr class=\"wp-block-separator has-alpha-channel-opacity\"\/>\n<\/div>\n<\/div>\n","protected":false},"excerpt":{"rendered":"<p>S\u00fcdburgenland-Guide Unser Weingut liegt im Herzen des S\u00fcdburgenlands \u2013 einer Region voller Ruhe, Natur und kulinarischer Gen\u00fcsse. Hier einige Empfehlungen, um den Besuch rund um Deutsch Sch\u00fctzen und den Eisenberg perfekt zu machen. INFORMATION EISENBERG DAC WEINIDYLLE BURGENLAND TOURISMUS Buschensch\u00c4nke WEINGUT WIESLER-SCHREINER WEINGUT KOPFENSTEINER WEINEK\u00b4S SCHENKHAUS WEINGUT GROSZ WEINGUT HERCZEG AUSCSTECKT BEIM CSENCSITS WEINGUT WACHTER-WIESLER [&hellip;]<\/p>\n","protected":false},"author":1,"featured_media":483,"parent":0,"menu_order":0,"comment_status":"closed","ping_status":"closed","template":"","meta":{"footnotes":""},"class_list":["post-481","page","type-page","status-publish","has-post-thumbnail","hentry"],"yoast_head":"<!-- This site is optimized with the Yoast SEO plugin v26.9 - https:\/\/yoast.com\/product\/yoast-seo-wordpress\/ -->\n<title>S\u00fcdburgenland-Guide - Weingut Krutzler<\/title>\n<meta name=\"description\" content=\"Erleben Sie das S\u00fcdburgenland wie Einheimische: Entdecken Sie unsere Lieblings-Buschensch\u00e4nke, Restaurants und charmante Unterk\u00fcnfte.\" \/>\n<meta name=\"robots\" content=\"index, follow, max-snippet:-1, max-image-preview:large, max-video-preview:-1\" \/>\n<link rel=\"canonical\" href=\"https:\/\/krutzler.at\/de\/sudburgenland-guide\/\" \/>\n<meta property=\"og:locale\" content=\"de_DE\" \/>\n<meta property=\"og:type\" content=\"article\" \/>\n<meta property=\"og:title\" content=\"S\u00fcdburgenland-Guide - Weingut Krutzler\" \/>\n<meta property=\"og:description\" content=\"Erleben Sie das S\u00fcdburgenland wie Einheimische: Entdecken Sie unsere Lieblings-Buschensch\u00e4nke, Restaurants und charmante Unterk\u00fcnfte.\" \/>\n<meta property=\"og:url\" content=\"https:\/\/krutzler.at\/de\/sudburgenland-guide\/\" \/>\n<meta property=\"og:site_name\" content=\"Weingut Krutzler\" \/>\n<meta property=\"article:modified_time\" content=\"2025-11-30T08:20:51+00:00\" \/>\n<meta property=\"og:image\" content=\"https:\/\/krutzler.at\/wp-content\/uploads\/2025\/09\/DSCF2771-min-scaled.jpg\" \/>\n\t<meta property=\"og:image:width\" content=\"2560\" \/>\n\t<meta property=\"og:image:height\" content=\"2331\" \/>\n\t<meta property=\"og:image:type\" content=\"image\/jpeg\" \/>\n<meta name=\"twitter:card\" content=\"summary_large_image\" \/>\n<meta name=\"twitter:label1\" content=\"Gesch\u00e4tzte Lesezeit\" \/>\n\t<meta name=\"twitter:data1\" content=\"1\u00a0Minute\" \/>\n<script type=\"application\/ld+json\" class=\"yoast-schema-graph\">{\"@context\":\"https:\/\/schema.org\",\"@graph\":[{\"@type\":\"WebPage\",\"@id\":\"https:\/\/krutzler.at\/sudburgenland-guide\/\",\"url\":\"https:\/\/krutzler.at\/sudburgenland-guide\/\",\"name\":\"S\u00fcdburgenland-Guide - Weingut Krutzler\",\"isPartOf\":{\"@id\":\"https:\/\/krutzler.at\/#website\"},\"primaryImageOfPage\":{\"@id\":\"https:\/\/krutzler.at\/sudburgenland-guide\/#primaryimage\"},\"image\":{\"@id\":\"https:\/\/krutzler.at\/sudburgenland-guide\/#primaryimage\"},\"thumbnailUrl\":\"https:\/\/krutzler.at\/wp-content\/uploads\/2025\/09\/DSCF2771-min-scaled.jpg\",\"datePublished\":\"2025-09-25T20:58:35+00:00\",\"dateModified\":\"2025-11-30T08:20:51+00:00\",\"description\":\"Erleben Sie das S\u00fcdburgenland wie Einheimische: Entdecken Sie unsere Lieblings-Buschensch\u00e4nke, Restaurants und charmante Unterk\u00fcnfte.\",\"breadcrumb\":{\"@id\":\"https:\/\/krutzler.at\/sudburgenland-guide\/#breadcrumb\"},\"inLanguage\":\"de\",\"potentialAction\":[{\"@type\":\"ReadAction\",\"target\":[\"https:\/\/krutzler.at\/sudburgenland-guide\/\"]}]},{\"@type\":\"ImageObject\",\"inLanguage\":\"de\",\"@id\":\"https:\/\/krutzler.at\/sudburgenland-guide\/#primaryimage\",\"url\":\"https:\/\/krutzler.at\/wp-content\/uploads\/2025\/09\/DSCF2771-min-scaled.jpg\",\"contentUrl\":\"https:\/\/krutzler.at\/wp-content\/uploads\/2025\/09\/DSCF2771-min-scaled.jpg\",\"width\":2560,\"height\":2331},{\"@type\":\"BreadcrumbList\",\"@id\":\"https:\/\/krutzler.at\/sudburgenland-guide\/#breadcrumb\",\"itemListElement\":[{\"@type\":\"ListItem\",\"position\":1,\"name\":\"Startseite\",\"item\":\"https:\/\/krutzler.at\/\"},{\"@type\":\"ListItem\",\"position\":2,\"name\":\"S\u00fcdburgenland-Guide\"}]},{\"@type\":\"WebSite\",\"@id\":\"https:\/\/krutzler.at\/#website\",\"url\":\"https:\/\/krutzler.at\/\",\"name\":\"Weingut Krutzler\",\"description\":\"\",\"publisher\":{\"@id\":\"https:\/\/krutzler.at\/#organization\"},\"potentialAction\":[{\"@type\":\"SearchAction\",\"target\":{\"@type\":\"EntryPoint\",\"urlTemplate\":\"https:\/\/krutzler.at\/?s={search_term_string}\"},\"query-input\":{\"@type\":\"PropertyValueSpecification\",\"valueRequired\":true,\"valueName\":\"search_term_string\"}}],\"inLanguage\":\"de\"},{\"@type\":\"Organization\",\"@id\":\"https:\/\/krutzler.at\/#organization\",\"name\":\"Weingut Krutzler\",\"url\":\"https:\/\/krutzler.at\/\",\"logo\":{\"@type\":\"ImageObject\",\"inLanguage\":\"de\",\"@id\":\"https:\/\/krutzler.at\/#\/schema\/logo\/image\/\",\"url\":\"https:\/\/krutzler.at\/wp-content\/uploads\/2025\/07\/Krutzler-Logo-RGB.png.png\",\"contentUrl\":\"https:\/\/krutzler.at\/wp-content\/uploads\/2025\/07\/Krutzler-Logo-RGB.png.png\",\"width\":360,\"height\":118,\"caption\":\"Weingut Krutzler\"},\"image\":{\"@id\":\"https:\/\/krutzler.at\/#\/schema\/logo\/image\/\"}}]}<\/script>\n<!-- \/ Yoast SEO plugin. -->","yoast_head_json":{"title":"S\u00fcdburgenland-Guide - Weingut Krutzler","description":"Erleben Sie das S\u00fcdburgenland wie Einheimische: Entdecken Sie unsere Lieblings-Buschensch\u00e4nke, Restaurants und charmante Unterk\u00fcnfte.","robots":{"index":"index","follow":"follow","max-snippet":"max-snippet:-1","max-image-preview":"max-image-preview:large","max-video-preview":"max-video-preview:-1"},"canonical":"https:\/\/krutzler.at\/de\/sudburgenland-guide\/","og_locale":"de_DE","og_type":"article","og_title":"S\u00fcdburgenland-Guide - Weingut Krutzler","og_description":"Erleben Sie das S\u00fcdburgenland wie Einheimische: Entdecken Sie unsere Lieblings-Buschensch\u00e4nke, Restaurants und charmante Unterk\u00fcnfte.","og_url":"https:\/\/krutzler.at\/de\/sudburgenland-guide\/","og_site_name":"Weingut Krutzler","article_modified_time":"2025-11-30T08:20:51+00:00","og_image":[{"width":2560,"height":2331,"url":"https:\/\/krutzler.at\/wp-content\/uploads\/2025\/09\/DSCF2771-min-scaled.jpg","type":"image\/jpeg"}],"twitter_card":"summary_large_image","twitter_misc":{"Gesch\u00e4tzte Lesezeit":"1\u00a0Minute"},"schema":{"@context":"https:\/\/schema.org","@graph":[{"@type":"WebPage","@id":"https:\/\/krutzler.at\/sudburgenland-guide\/","url":"https:\/\/krutzler.at\/sudburgenland-guide\/","name":"S\u00fcdburgenland-Guide - Weingut Krutzler","isPartOf":{"@id":"https:\/\/krutzler.at\/#website"},"primaryImageOfPage":{"@id":"https:\/\/krutzler.at\/sudburgenland-guide\/#primaryimage"},"image":{"@id":"https:\/\/krutzler.at\/sudburgenland-guide\/#primaryimage"},"thumbnailUrl":"https:\/\/krutzler.at\/wp-content\/uploads\/2025\/09\/DSCF2771-min-scaled.jpg","datePublished":"2025-09-25T20:58:35+00:00","dateModified":"2025-11-30T08:20:51+00:00","description":"Erleben Sie das S\u00fcdburgenland wie Einheimische: Entdecken Sie unsere Lieblings-Buschensch\u00e4nke, Restaurants und charmante Unterk\u00fcnfte.","breadcrumb":{"@id":"https:\/\/krutzler.at\/sudburgenland-guide\/#breadcrumb"},"inLanguage":"de","potentialAction":[{"@type":"ReadAction","target":["https:\/\/krutzler.at\/sudburgenland-guide\/"]}]},{"@type":"ImageObject","inLanguage":"de","@id":"https:\/\/krutzler.at\/sudburgenland-guide\/#primaryimage","url":"https:\/\/krutzler.at\/wp-content\/uploads\/2025\/09\/DSCF2771-min-scaled.jpg","contentUrl":"https:\/\/krutzler.at\/wp-content\/uploads\/2025\/09\/DSCF2771-min-scaled.jpg","width":2560,"height":2331},{"@type":"BreadcrumbList","@id":"https:\/\/krutzler.at\/sudburgenland-guide\/#breadcrumb","itemListElement":[{"@type":"ListItem","position":1,"name":"Startseite","item":"https:\/\/krutzler.at\/"},{"@type":"ListItem","position":2,"name":"S\u00fcdburgenland-Guide"}]},{"@type":"WebSite","@id":"https:\/\/krutzler.at\/#website","url":"https:\/\/krutzler.at\/","name":"Weingut Krutzler","description":"","publisher":{"@id":"https:\/\/krutzler.at\/#organization"},"potentialAction":[{"@type":"SearchAction","target":{"@type":"EntryPoint","urlTemplate":"https:\/\/krutzler.at\/?s={search_term_string}"},"query-input":{"@type":"PropertyValueSpecification","valueRequired":true,"valueName":"search_term_string"}}],"inLanguage":"de"},{"@type":"Organization","@id":"https:\/\/krutzler.at\/#organization","name":"Weingut Krutzler","url":"https:\/\/krutzler.at\/","logo":{"@type":"ImageObject","inLanguage":"de","@id":"https:\/\/krutzler.at\/#\/schema\/logo\/image\/","url":"https:\/\/krutzler.at\/wp-content\/uploads\/2025\/07\/Krutzler-Logo-RGB.png.png","contentUrl":"https:\/\/krutzler.at\/wp-content\/uploads\/2025\/07\/Krutzler-Logo-RGB.png.png","width":360,"height":118,"caption":"Weingut Krutzler"},"image":{"@id":"https:\/\/krutzler.at\/#\/schema\/logo\/image\/"}}]}},"_links":{"self":[{"href":"http:\/\/krutzler.at\/de\/wp-json\/wp\/v2\/pages\/481","targetHints":{"allow":["GET"]}}],"collection":[{"href":"http:\/\/krutzler.at\/de\/wp-json\/wp\/v2\/pages"}],"about":[{"href":"http:\/\/krutzler.at\/de\/wp-json\/wp\/v2\/types\/page"}],"author":[{"embeddable":true,"href":"http:\/\/krutzler.at\/de\/wp-json\/wp\/v2\/users\/1"}],"replies":[{"embeddable":true,"href":"http:\/\/krutzler.at\/de\/wp-json\/wp\/v2\/comments?post=481"}],"version-history":[{"count":6,"href":"http:\/\/krutzler.at\/de\/wp-json\/wp\/v2\/pages\/481\/revisions"}],"predecessor-version":[{"id":877,"href":"http:\/\/krutzler.at\/de\/wp-json\/wp\/v2\/pages\/481\/revisions\/877"}],"wp:featuredmedia":[{"embeddable":true,"href":"http:\/\/krutzler.at\/de\/wp-json\/wp\/v2\/media\/483"}],"wp:attachment":[{"href":"http:\/\/krutzler.at\/de\/wp-json\/wp\/v2\/media?parent=481"}],"curies":[{"name":"wp","href":"https:\/\/api.w.org\/{rel}","templated":true}]}}