{"id":231,"date":"2025-08-17T08:27:09","date_gmt":"2025-08-17T08:27:09","guid":{"rendered":"http:\/\/vhkzxri.cluster100.hosting.ovh.net\/?page_id=231"},"modified":"2025-11-30T08:18:46","modified_gmt":"2025-11-30T08:18:46","slug":"kontakt","status":"publish","type":"page","link":"http:\/\/krutzler.at\/en\/kontakt\/","title":{"rendered":"Contact"},"content":{"rendered":"<div class=\"wp-block-columns alignwide is-layout-flex wp-container-core-columns-is-layout-d0b3c9c8 wp-block-columns-is-layout-flex\">\n<div class=\"wp-block-column is-layout-flow wp-block-column-is-layout-flow\">\n<div style=\"height:18px\" aria-hidden=\"true\" class=\"wp-block-spacer\"><\/div>\n\n\n\n<h1 class=\"wp-block-heading\">WEINGUT KRUTZLER&nbsp;<\/h1>\n\n\n\n<p class=\"has-roboto-font-family\">Winzerstra\u00dfe 68<br>7474 Deutsch Sch\u00fctzen-Eisenberg<br>Burgenland, Austria<\/p>\n\n\n\n<p class=\"has-roboto-font-family\"><strong>Contact Details<\/strong><\/p>\n\n\n\n<p class=\"has-roboto-font-family\">Phone: +43 664 1431983 | +43 664 4049526 | +43 664 5251084<br>E-Mail:&nbsp;<a href=\"mailto:weingut@krutzler.at\">weingut@krutzler.at<\/a><\/p>\n\n\n\n<p class=\"has-roboto-font-family\"><strong>Office Hours<\/strong><\/p>\n\n\n\n<p class=\"has-roboto-font-family\">We are available by telephone and email from Monday to Friday between 8 a.m. and 5 p.m.<\/p>\n\n\n\n<p class=\"has-roboto-font-family\"><br>Outside these hours, we will respond as quickly as possible.<\/p>\n\n\n\n<p class=\"has-roboto-font-family\"><strong>Winery Visit<\/strong><\/p>\n\n\n\n<p class=\"has-roboto-font-family\">We appreciate your interest in our wines and our region.<br>As we are a family business and spend a lot of time in the vineyard, we kindly ask you to&nbsp;<strong>prior appointment&nbsp;<\/strong>for tastings and tours.<\/p>\n\n\n\n<p><\/p>\n\n\n\n<div class=\"wp-block-buttons is-layout-flex wp-block-buttons-is-layout-flex\">\n<div class=\"wp-block-button\"><a class=\"wp-block-button__link has-custom-color-1-color has-custom-color-2-background-color has-text-color has-background has-link-color has-medium-font-size has-custom-font-size wp-element-button\" href=\"mailto:weingut@krutzler.at\" style=\"border-style:none;border-width:0px;border-radius:0px\" target=\"_blank\" rel=\"noreferrer noopener\">enquire now<\/a><\/div>\n<\/div>\n\n\n\n<div style=\"height:45px\" aria-hidden=\"true\" class=\"wp-block-spacer\"><\/div>\n<\/div>\n\n\n\n<div class=\"wp-block-column is-layout-flow wp-block-column-is-layout-flow\">\n<figure class=\"wp-block-image size-full\"><img loading=\"lazy\" decoding=\"async\" width=\"1080\" height=\"1350\" src=\"http:\/\/krutzler.at\/wp-content\/uploads\/2025\/09\/Zeichenflache-1-8.png\" alt=\"\" class=\"wp-image-479\" style=\"aspect-ratio:3\/4;object-fit:contain\" srcset=\"https:\/\/krutzler.at\/wp-content\/uploads\/2025\/09\/Zeichenflache-1-8.png 1080w, https:\/\/krutzler.at\/wp-content\/uploads\/2025\/09\/Zeichenflache-1-8-550x688.png 550w, https:\/\/krutzler.at\/wp-content\/uploads\/2025\/09\/Zeichenflache-1-8-840x1050.png 840w\" sizes=\"auto, (max-width: 1080px) 100vw, 1080px\" \/><\/figure>\n\n\n\n<details class=\"wp-block-details has-roboto-font-family is-layout-flow wp-block-details-is-layout-flow tw-has-icon\" style=\"font-size:clamp(0.929rem, 0.929rem + ((1vw - 0.2rem) * 0.739), 1.4rem);\"><summary><strong>How to get to the South of Burgenland<\/strong><svg class=\"details-plus\" xmlns=\"http:\/\/www.w3.org\/2000\/svg\" width=\"24\" height=\"24\" viewbox=\"0 0 24 24\" version=\"1.1\" aria-hidden=\"true\" focusable=\"false\"><path class=\"plus-vertical\" d=\"M11 6h2v12h-2z\"\/><path d=\"M6 11h12v2H6z\"\/><\/svg><\/summary>\n<p class=\"has-medium-font-size\"><br><strong>From Vienna<\/strong><\/p>\n\n\n\n<ul class=\"wp-block-list\">\n<li class=\"has-medium-font-size\">Distance: approx. 150 km<\/li>\n\n\n\n<li class=\"has-medium-font-size\">Travel time: approx. 1.5 hours<\/li>\n\n\n\n<li class=\"has-medium-font-size\">Route: A2 towards Graz \u2192 Pinggau\u2013Friedberg exit \u2192 B56 via Oberwart to Deutsch Sch\u00fctzen.<\/li>\n<\/ul>\n\n\n\n<p class=\"has-medium-font-size\"><br><strong>From Graz<\/strong><\/p>\n\n\n\n<ul class=\"wp-block-list\">\n<li class=\"has-medium-font-size\">Distance: approx. 90 km<\/li>\n\n\n\n<li class=\"has-medium-font-size\">Travel time: approx. 1 hour<\/li>\n\n\n\n<li class=\"has-medium-font-size\">Route: A2 towards Vienna \u2192 Lafnitztal exit \u2192 B56 via Oberwart to Deutsch Sch\u00fctzen.<\/li>\n<\/ul>\n\n\n\n<p class=\"has-medium-font-size\"><br><strong>By public transport (bus)<\/strong><\/p>\n\n\n\n<ul class=\"wp-block-list has-medium-font-size\">\n<li>From Oberwart continue by regional bus or cab to Deutsch Sch\u00fctzen-Eisenberg (approx. 25 minutes).<\/li>\n<\/ul>\n\n\n\n<ul class=\"wp-block-list has-medium-font-size\">\n<li>Regional buses run from Vienna (Karlsplatz) to Oberwart. (Line B01)<\/li>\n<\/ul>\n\n\n\n<ul class=\"wp-block-list has-medium-font-size\">\n<li>There are also bus connections to Oberwart from Graz Central Station.<\/li>\n<\/ul>\n<\/details>\n\n\n\n<div style=\"height:15px\" aria-hidden=\"true\" class=\"wp-block-spacer\"><\/div>\n\n\n\n<div class=\"wp-block-buttons is-layout-flex wp-block-buttons-is-layout-flex\">\n<div class=\"wp-block-button\"><a class=\"wp-block-button__link has-custom-color-1-color has-custom-color-2-background-color has-text-color has-background has-link-color has-medium-font-size has-custom-font-size wp-element-button\" href=\"http:\/\/krutzler.at\/en\/sudburgenland-guide\/\" style=\"border-radius:0px\">Regional guide<\/a><\/div>\n<\/div>\n<\/div>\n<\/div>","protected":false},"excerpt":{"rendered":"<p>WEINGUT KRUTZLER&nbsp; Winzerstra\u00dfe 687474 Deutsch Sch\u00fctzen-EisenbergBurgenland, \u00d6sterreich Kontaktm\u00f6glichkeiten Telefon: +43 664 1431983 | +43 664 4049526 | +43 664 5251084E-Mail:&nbsp;weingut@krutzler.at B\u00fcrozeiten Wir sind von Montag bis Freitag zwischen 8 und 17 Uhr telefonisch und per Mail erreichbar. Au\u00dferhalb dieser Zeiten antworten wir so rasch wie m\u00f6glich. Besuche am Weingut Wir freuen uns \u00fcber Ihr Interesse [&hellip;]<\/p>","protected":false},"author":1,"featured_media":159,"parent":0,"menu_order":0,"comment_status":"closed","ping_status":"closed","template":"","meta":{"footnotes":""},"class_list":["post-231","page","type-page","status-publish","has-post-thumbnail","hentry"],"yoast_head":"<!-- This site is optimized with the Yoast SEO plugin v26.9 - https:\/\/yoast.com\/product\/yoast-seo-wordpress\/ -->\n<title>Kontakt - Weingut Krutzler<\/title>\n<meta name=\"description\" content=\"Wir freuen uns \u00fcber Ihr Interesse an unserem Weingut und unserer Region. Sie erreichen uns unter folgenden Kontakt per Telefon oder E-Mail.\" \/>\n<meta name=\"robots\" content=\"index, follow, max-snippet:-1, max-image-preview:large, max-video-preview:-1\" \/>\n<link rel=\"canonical\" href=\"https:\/\/krutzler.at\/en\/kontakt\/\" \/>\n<meta property=\"og:locale\" content=\"en_US\" \/>\n<meta property=\"og:type\" content=\"article\" \/>\n<meta property=\"og:title\" content=\"Kontakt - Weingut Krutzler\" \/>\n<meta property=\"og:description\" content=\"Wir freuen uns \u00fcber Ihr Interesse an unserem Weingut und unserer Region. Sie erreichen uns unter folgenden Kontakt per Telefon oder E-Mail.\" \/>\n<meta property=\"og:url\" content=\"https:\/\/krutzler.at\/en\/kontakt\/\" \/>\n<meta property=\"og:site_name\" content=\"Weingut Krutzler\" \/>\n<meta property=\"article:modified_time\" content=\"2025-11-30T08:18:46+00:00\" \/>\n<meta property=\"og:image\" content=\"https:\/\/krutzler.at\/wp-content\/uploads\/2025\/08\/DSCF2475-scaled.jpg\" \/>\n\t<meta property=\"og:image:width\" content=\"2560\" \/>\n\t<meta property=\"og:image:height\" content=\"1779\" \/>\n\t<meta property=\"og:image:type\" content=\"image\/jpeg\" \/>\n<meta name=\"twitter:card\" content=\"summary_large_image\" \/>\n<meta name=\"twitter:label1\" content=\"Est. reading time\" \/>\n\t<meta name=\"twitter:data1\" content=\"2 minutes\" \/>\n<script type=\"application\/ld+json\" class=\"yoast-schema-graph\">{\"@context\":\"https:\/\/schema.org\",\"@graph\":[{\"@type\":[\"WebPage\",\"ContactPage\"],\"@id\":\"https:\/\/krutzler.at\/kontakt\/\",\"url\":\"https:\/\/krutzler.at\/kontakt\/\",\"name\":\"Kontakt - Weingut Krutzler\",\"isPartOf\":{\"@id\":\"https:\/\/krutzler.at\/#website\"},\"primaryImageOfPage\":{\"@id\":\"https:\/\/krutzler.at\/kontakt\/#primaryimage\"},\"image\":{\"@id\":\"https:\/\/krutzler.at\/kontakt\/#primaryimage\"},\"thumbnailUrl\":\"https:\/\/krutzler.at\/wp-content\/uploads\/2025\/08\/DSCF2475-scaled.jpg\",\"datePublished\":\"2025-08-17T08:27:09+00:00\",\"dateModified\":\"2025-11-30T08:18:46+00:00\",\"description\":\"Wir freuen uns \u00fcber Ihr Interesse an unserem Weingut und unserer Region. Sie erreichen uns unter folgenden Kontakt per Telefon oder E-Mail.\",\"breadcrumb\":{\"@id\":\"https:\/\/krutzler.at\/kontakt\/#breadcrumb\"},\"inLanguage\":\"en-US\",\"potentialAction\":[{\"@type\":\"ReadAction\",\"target\":[\"https:\/\/krutzler.at\/kontakt\/\"]}]},{\"@type\":\"ImageObject\",\"inLanguage\":\"en-US\",\"@id\":\"https:\/\/krutzler.at\/kontakt\/#primaryimage\",\"url\":\"https:\/\/krutzler.at\/wp-content\/uploads\/2025\/08\/DSCF2475-scaled.jpg\",\"contentUrl\":\"https:\/\/krutzler.at\/wp-content\/uploads\/2025\/08\/DSCF2475-scaled.jpg\",\"width\":2560,\"height\":1779},{\"@type\":\"BreadcrumbList\",\"@id\":\"https:\/\/krutzler.at\/kontakt\/#breadcrumb\",\"itemListElement\":[{\"@type\":\"ListItem\",\"position\":1,\"name\":\"Startseite\",\"item\":\"https:\/\/krutzler.at\/\"},{\"@type\":\"ListItem\",\"position\":2,\"name\":\"Kontakt\"}]},{\"@type\":\"WebSite\",\"@id\":\"https:\/\/krutzler.at\/#website\",\"url\":\"https:\/\/krutzler.at\/\",\"name\":\"Weingut Krutzler\",\"description\":\"\",\"publisher\":{\"@id\":\"https:\/\/krutzler.at\/#organization\"},\"potentialAction\":[{\"@type\":\"SearchAction\",\"target\":{\"@type\":\"EntryPoint\",\"urlTemplate\":\"https:\/\/krutzler.at\/?s={search_term_string}\"},\"query-input\":{\"@type\":\"PropertyValueSpecification\",\"valueRequired\":true,\"valueName\":\"search_term_string\"}}],\"inLanguage\":\"en-US\"},{\"@type\":\"Organization\",\"@id\":\"https:\/\/krutzler.at\/#organization\",\"name\":\"Weingut Krutzler\",\"url\":\"https:\/\/krutzler.at\/\",\"logo\":{\"@type\":\"ImageObject\",\"inLanguage\":\"en-US\",\"@id\":\"https:\/\/krutzler.at\/#\/schema\/logo\/image\/\",\"url\":\"https:\/\/krutzler.at\/wp-content\/uploads\/2025\/07\/Krutzler-Logo-RGB.png.png\",\"contentUrl\":\"https:\/\/krutzler.at\/wp-content\/uploads\/2025\/07\/Krutzler-Logo-RGB.png.png\",\"width\":360,\"height\":118,\"caption\":\"Weingut Krutzler\"},\"image\":{\"@id\":\"https:\/\/krutzler.at\/#\/schema\/logo\/image\/\"}}]}<\/script>\n<!-- \/ Yoast SEO plugin. -->","yoast_head_json":{"title":"Kontakt - Weingut Krutzler","description":"Wir freuen uns \u00fcber Ihr Interesse an unserem Weingut und unserer Region. Sie erreichen uns unter folgenden Kontakt per Telefon oder E-Mail.","robots":{"index":"index","follow":"follow","max-snippet":"max-snippet:-1","max-image-preview":"max-image-preview:large","max-video-preview":"max-video-preview:-1"},"canonical":"https:\/\/krutzler.at\/en\/kontakt\/","og_locale":"en_US","og_type":"article","og_title":"Kontakt - Weingut Krutzler","og_description":"Wir freuen uns \u00fcber Ihr Interesse an unserem Weingut und unserer Region. Sie erreichen uns unter folgenden Kontakt per Telefon oder E-Mail.","og_url":"https:\/\/krutzler.at\/en\/kontakt\/","og_site_name":"Weingut Krutzler","article_modified_time":"2025-11-30T08:18:46+00:00","og_image":[{"width":2560,"height":1779,"url":"https:\/\/krutzler.at\/wp-content\/uploads\/2025\/08\/DSCF2475-scaled.jpg","type":"image\/jpeg"}],"twitter_card":"summary_large_image","twitter_misc":{"Est. reading time":"2 minutes"},"schema":{"@context":"https:\/\/schema.org","@graph":[{"@type":["WebPage","ContactPage"],"@id":"https:\/\/krutzler.at\/kontakt\/","url":"https:\/\/krutzler.at\/kontakt\/","name":"Kontakt - Weingut Krutzler","isPartOf":{"@id":"https:\/\/krutzler.at\/#website"},"primaryImageOfPage":{"@id":"https:\/\/krutzler.at\/kontakt\/#primaryimage"},"image":{"@id":"https:\/\/krutzler.at\/kontakt\/#primaryimage"},"thumbnailUrl":"https:\/\/krutzler.at\/wp-content\/uploads\/2025\/08\/DSCF2475-scaled.jpg","datePublished":"2025-08-17T08:27:09+00:00","dateModified":"2025-11-30T08:18:46+00:00","description":"Wir freuen uns \u00fcber Ihr Interesse an unserem Weingut und unserer Region. Sie erreichen uns unter folgenden Kontakt per Telefon oder E-Mail.","breadcrumb":{"@id":"https:\/\/krutzler.at\/kontakt\/#breadcrumb"},"inLanguage":"en-US","potentialAction":[{"@type":"ReadAction","target":["https:\/\/krutzler.at\/kontakt\/"]}]},{"@type":"ImageObject","inLanguage":"en-US","@id":"https:\/\/krutzler.at\/kontakt\/#primaryimage","url":"https:\/\/krutzler.at\/wp-content\/uploads\/2025\/08\/DSCF2475-scaled.jpg","contentUrl":"https:\/\/krutzler.at\/wp-content\/uploads\/2025\/08\/DSCF2475-scaled.jpg","width":2560,"height":1779},{"@type":"BreadcrumbList","@id":"https:\/\/krutzler.at\/kontakt\/#breadcrumb","itemListElement":[{"@type":"ListItem","position":1,"name":"Startseite","item":"https:\/\/krutzler.at\/"},{"@type":"ListItem","position":2,"name":"Kontakt"}]},{"@type":"WebSite","@id":"https:\/\/krutzler.at\/#website","url":"https:\/\/krutzler.at\/","name":"Weingut Krutzler","description":"","publisher":{"@id":"https:\/\/krutzler.at\/#organization"},"potentialAction":[{"@type":"SearchAction","target":{"@type":"EntryPoint","urlTemplate":"https:\/\/krutzler.at\/?s={search_term_string}"},"query-input":{"@type":"PropertyValueSpecification","valueRequired":true,"valueName":"search_term_string"}}],"inLanguage":"en-US"},{"@type":"Organization","@id":"https:\/\/krutzler.at\/#organization","name":"Weingut Krutzler","url":"https:\/\/krutzler.at\/","logo":{"@type":"ImageObject","inLanguage":"en-US","@id":"https:\/\/krutzler.at\/#\/schema\/logo\/image\/","url":"https:\/\/krutzler.at\/wp-content\/uploads\/2025\/07\/Krutzler-Logo-RGB.png.png","contentUrl":"https:\/\/krutzler.at\/wp-content\/uploads\/2025\/07\/Krutzler-Logo-RGB.png.png","width":360,"height":118,"caption":"Weingut Krutzler"},"image":{"@id":"https:\/\/krutzler.at\/#\/schema\/logo\/image\/"}}]}},"_links":{"self":[{"href":"http:\/\/krutzler.at\/en\/wp-json\/wp\/v2\/pages\/231","targetHints":{"allow":["GET"]}}],"collection":[{"href":"http:\/\/krutzler.at\/en\/wp-json\/wp\/v2\/pages"}],"about":[{"href":"http:\/\/krutzler.at\/en\/wp-json\/wp\/v2\/types\/page"}],"author":[{"embeddable":true,"href":"http:\/\/krutzler.at\/en\/wp-json\/wp\/v2\/users\/1"}],"replies":[{"embeddable":true,"href":"http:\/\/krutzler.at\/en\/wp-json\/wp\/v2\/comments?post=231"}],"version-history":[{"count":14,"href":"http:\/\/krutzler.at\/en\/wp-json\/wp\/v2\/pages\/231\/revisions"}],"predecessor-version":[{"id":897,"href":"http:\/\/krutzler.at\/en\/wp-json\/wp\/v2\/pages\/231\/revisions\/897"}],"wp:featuredmedia":[{"embeddable":true,"href":"http:\/\/krutzler.at\/en\/wp-json\/wp\/v2\/media\/159"}],"wp:attachment":[{"href":"http:\/\/krutzler.at\/en\/wp-json\/wp\/v2\/media?parent=231"}],"curies":[{"name":"wp","href":"https:\/\/api.w.org\/{rel}","templated":true}]}}