{"id":302,"date":"2025-09-12T14:20:24","date_gmt":"2025-09-12T14:20:24","guid":{"rendered":"http:\/\/vhkzxri.cluster100.hosting.ovh.net\/?page_id=302"},"modified":"2025-11-30T08:18:09","modified_gmt":"2025-11-30T08:18:09","slug":"datenschutz","status":"publish","type":"page","link":"http:\/\/krutzler.at\/en\/datenschutz\/","title":{"rendered":"Privacy policy"},"content":{"rendered":"<h2 class=\"wp-block-heading\"><strong>Privacy policy<\/strong><\/h2>\n\n\n\n<p>The protection of your personal data is very important to us. We therefore process your data exclusively on the basis of the statutory provisions (GDPR, TKG 2003). In this privacy policy, we inform you about the most important aspects of data processing within the framework of our website.<\/p>\n\n\n\n<p><strong>Contact us<\/strong><\/p>\n\n\n\n<p>If you contact us via the form on the website or by email, we will store the data you provide for 6 months for the purpose of processing your enquiry and in case of follow-up questions. We will not pass on this data without your consent.<\/p>\n\n\n\n<p><strong>Access data \/ server log files<\/strong><\/p>\n\n\n\n<p>Our hosting provider collects data about access to the website and stores it as \u2018server log files\u2019. The following data is logged:<\/p>\n\n\n\n<ul class=\"wp-block-list\">\n<li>Visitor's IP address<\/li>\n\n\n\n<li>Date and time of access<\/li>\n\n\n\n<li>page\/file accessed<\/li>\n\n\n\n<li>Browser type and version<\/li>\n\n\n\n<li>operating system used<\/li>\n<\/ul>\n\n\n\n<p>This data cannot be directly attributed to specific individuals and is not merged with other data sources.<\/p>\n\n\n\n<p><strong>Cookies<\/strong><\/p>\n\n\n\n<p>Our website uses cookies to improve user-friendliness. Cookies are small text files that your browser stores on your device.<br>You can set your browser to notify you when cookies are set and only allow this in individual cases. If you deactivate cookies, the functionality of our website may be restricted.<\/p>\n\n\n\n<p><strong>Your rights<\/strong><\/p>\n\n\n\n<p>You have the right to information, correction, deletion, restriction, data portability, revocation and objection.<br>If you believe that the processing of your data violates data protection law, you can lodge a complaint with us or the data protection authority.<\/p>\n\n\n\n<p><strong>person in charge<\/strong><\/p>\n\n\n\n<p>Krutzler KG<br>Winzerstra\u00dfe 68, 7474 Deutsch Sch\u00fctzen<br>Austria<br>E-Mail: weingut@krutzler.at<br>Telephone: +43 664 1431983<\/p>","protected":false},"excerpt":{"rendered":"<p>Datenschutz Der Schutz Ihrer pers\u00f6nlichen Daten ist uns ein besonderes Anliegen. Wir verarbeiten Ihre Daten daher ausschlie\u00dflich auf Grundlage der gesetzlichen Bestimmungen (DSGVO, TKG 2003). In dieser Datenschutzerkl\u00e4rung informieren wir Sie \u00fcber die wichtigsten Aspekte der Datenverarbeitung im Rahmen unserer Website. Kontakt mit uns Wenn Sie per Formular auf der Website oder per E-Mail Kontakt [&hellip;]<\/p>","protected":false},"author":1,"featured_media":0,"parent":0,"menu_order":0,"comment_status":"closed","ping_status":"closed","template":"page-no-title","meta":{"footnotes":""},"class_list":["post-302","page","type-page","status-publish","hentry"],"yoast_head":"<!-- This site is optimized with the Yoast SEO plugin v26.9 - https:\/\/yoast.com\/product\/yoast-seo-wordpress\/ -->\n<title>Datenschutz - Weingut Krutzler<\/title>\n<meta name=\"description\" content=\"Erfahren Sie, wie wir Ihre pers\u00f6nlichen Daten sch\u00fctzen. Alle Informationen zu Datenschutz, Cookies und Ihren Rechten gem\u00e4\u00df DSGVO.\" \/>\n<meta name=\"robots\" content=\"index, follow, max-snippet:-1, max-image-preview:large, max-video-preview:-1\" \/>\n<link rel=\"canonical\" href=\"https:\/\/krutzler.at\/en\/datenschutz\/\" \/>\n<meta property=\"og:locale\" content=\"en_US\" \/>\n<meta property=\"og:type\" content=\"article\" \/>\n<meta property=\"og:title\" content=\"Datenschutz - Weingut Krutzler\" \/>\n<meta property=\"og:description\" content=\"Erfahren Sie, wie wir Ihre pers\u00f6nlichen Daten sch\u00fctzen. Alle Informationen zu Datenschutz, Cookies und Ihren Rechten gem\u00e4\u00df DSGVO.\" \/>\n<meta property=\"og:url\" content=\"https:\/\/krutzler.at\/en\/datenschutz\/\" \/>\n<meta property=\"og:site_name\" content=\"Weingut Krutzler\" \/>\n<meta property=\"article:modified_time\" content=\"2025-11-30T08:18:09+00:00\" \/>\n<meta property=\"og:image\" content=\"https:\/\/krutzler.at\/wp-content\/uploads\/2025\/09\/DSCF2405-scaled.jpg\" \/>\n\t<meta property=\"og:image:width\" content=\"1920\" \/>\n\t<meta property=\"og:image:height\" content=\"2560\" \/>\n\t<meta property=\"og:image:type\" content=\"image\/jpeg\" \/>\n<meta name=\"twitter:card\" content=\"summary_large_image\" \/>\n<meta name=\"twitter:label1\" content=\"Est. reading time\" \/>\n\t<meta name=\"twitter:data1\" content=\"2 minutes\" \/>\n<script type=\"application\/ld+json\" class=\"yoast-schema-graph\">{\"@context\":\"https:\/\/schema.org\",\"@graph\":[{\"@type\":\"WebPage\",\"@id\":\"https:\/\/krutzler.at\/datenschutz\/\",\"url\":\"https:\/\/krutzler.at\/datenschutz\/\",\"name\":\"Datenschutz - Weingut Krutzler\",\"isPartOf\":{\"@id\":\"https:\/\/krutzler.at\/#website\"},\"datePublished\":\"2025-09-12T14:20:24+00:00\",\"dateModified\":\"2025-11-30T08:18:09+00:00\",\"description\":\"Erfahren Sie, wie wir Ihre pers\u00f6nlichen Daten sch\u00fctzen. Alle Informationen zu Datenschutz, Cookies und Ihren Rechten gem\u00e4\u00df DSGVO.\",\"breadcrumb\":{\"@id\":\"https:\/\/krutzler.at\/datenschutz\/#breadcrumb\"},\"inLanguage\":\"en-US\",\"potentialAction\":[{\"@type\":\"ReadAction\",\"target\":[\"https:\/\/krutzler.at\/datenschutz\/\"]}]},{\"@type\":\"BreadcrumbList\",\"@id\":\"https:\/\/krutzler.at\/datenschutz\/#breadcrumb\",\"itemListElement\":[{\"@type\":\"ListItem\",\"position\":1,\"name\":\"Startseite\",\"item\":\"https:\/\/krutzler.at\/\"},{\"@type\":\"ListItem\",\"position\":2,\"name\":\"Datenschutz\"}]},{\"@type\":\"WebSite\",\"@id\":\"https:\/\/krutzler.at\/#website\",\"url\":\"https:\/\/krutzler.at\/\",\"name\":\"Weingut Krutzler\",\"description\":\"\",\"publisher\":{\"@id\":\"https:\/\/krutzler.at\/#organization\"},\"potentialAction\":[{\"@type\":\"SearchAction\",\"target\":{\"@type\":\"EntryPoint\",\"urlTemplate\":\"https:\/\/krutzler.at\/?s={search_term_string}\"},\"query-input\":{\"@type\":\"PropertyValueSpecification\",\"valueRequired\":true,\"valueName\":\"search_term_string\"}}],\"inLanguage\":\"en-US\"},{\"@type\":\"Organization\",\"@id\":\"https:\/\/krutzler.at\/#organization\",\"name\":\"Weingut Krutzler\",\"url\":\"https:\/\/krutzler.at\/\",\"logo\":{\"@type\":\"ImageObject\",\"inLanguage\":\"en-US\",\"@id\":\"https:\/\/krutzler.at\/#\/schema\/logo\/image\/\",\"url\":\"https:\/\/krutzler.at\/wp-content\/uploads\/2025\/07\/Krutzler-Logo-RGB.png.png\",\"contentUrl\":\"https:\/\/krutzler.at\/wp-content\/uploads\/2025\/07\/Krutzler-Logo-RGB.png.png\",\"width\":360,\"height\":118,\"caption\":\"Weingut Krutzler\"},\"image\":{\"@id\":\"https:\/\/krutzler.at\/#\/schema\/logo\/image\/\"}}]}<\/script>\n<!-- \/ Yoast SEO plugin. -->","yoast_head_json":{"title":"Datenschutz - Weingut Krutzler","description":"Erfahren Sie, wie wir Ihre pers\u00f6nlichen Daten sch\u00fctzen. Alle Informationen zu Datenschutz, Cookies und Ihren Rechten gem\u00e4\u00df DSGVO.","robots":{"index":"index","follow":"follow","max-snippet":"max-snippet:-1","max-image-preview":"max-image-preview:large","max-video-preview":"max-video-preview:-1"},"canonical":"https:\/\/krutzler.at\/en\/datenschutz\/","og_locale":"en_US","og_type":"article","og_title":"Datenschutz - Weingut Krutzler","og_description":"Erfahren Sie, wie wir Ihre pers\u00f6nlichen Daten sch\u00fctzen. Alle Informationen zu Datenschutz, Cookies und Ihren Rechten gem\u00e4\u00df DSGVO.","og_url":"https:\/\/krutzler.at\/en\/datenschutz\/","og_site_name":"Weingut Krutzler","article_modified_time":"2025-11-30T08:18:09+00:00","og_image":[{"width":1920,"height":2560,"url":"https:\/\/krutzler.at\/wp-content\/uploads\/2025\/09\/DSCF2405-scaled.jpg","type":"image\/jpeg"}],"twitter_card":"summary_large_image","twitter_misc":{"Est. reading time":"2 minutes"},"schema":{"@context":"https:\/\/schema.org","@graph":[{"@type":"WebPage","@id":"https:\/\/krutzler.at\/datenschutz\/","url":"https:\/\/krutzler.at\/datenschutz\/","name":"Datenschutz - Weingut Krutzler","isPartOf":{"@id":"https:\/\/krutzler.at\/#website"},"datePublished":"2025-09-12T14:20:24+00:00","dateModified":"2025-11-30T08:18:09+00:00","description":"Erfahren Sie, wie wir Ihre pers\u00f6nlichen Daten sch\u00fctzen. Alle Informationen zu Datenschutz, Cookies und Ihren Rechten gem\u00e4\u00df DSGVO.","breadcrumb":{"@id":"https:\/\/krutzler.at\/datenschutz\/#breadcrumb"},"inLanguage":"en-US","potentialAction":[{"@type":"ReadAction","target":["https:\/\/krutzler.at\/datenschutz\/"]}]},{"@type":"BreadcrumbList","@id":"https:\/\/krutzler.at\/datenschutz\/#breadcrumb","itemListElement":[{"@type":"ListItem","position":1,"name":"Startseite","item":"https:\/\/krutzler.at\/"},{"@type":"ListItem","position":2,"name":"Datenschutz"}]},{"@type":"WebSite","@id":"https:\/\/krutzler.at\/#website","url":"https:\/\/krutzler.at\/","name":"Weingut Krutzler","description":"","publisher":{"@id":"https:\/\/krutzler.at\/#organization"},"potentialAction":[{"@type":"SearchAction","target":{"@type":"EntryPoint","urlTemplate":"https:\/\/krutzler.at\/?s={search_term_string}"},"query-input":{"@type":"PropertyValueSpecification","valueRequired":true,"valueName":"search_term_string"}}],"inLanguage":"en-US"},{"@type":"Organization","@id":"https:\/\/krutzler.at\/#organization","name":"Weingut Krutzler","url":"https:\/\/krutzler.at\/","logo":{"@type":"ImageObject","inLanguage":"en-US","@id":"https:\/\/krutzler.at\/#\/schema\/logo\/image\/","url":"https:\/\/krutzler.at\/wp-content\/uploads\/2025\/07\/Krutzler-Logo-RGB.png.png","contentUrl":"https:\/\/krutzler.at\/wp-content\/uploads\/2025\/07\/Krutzler-Logo-RGB.png.png","width":360,"height":118,"caption":"Weingut Krutzler"},"image":{"@id":"https:\/\/krutzler.at\/#\/schema\/logo\/image\/"}}]}},"_links":{"self":[{"href":"http:\/\/krutzler.at\/en\/wp-json\/wp\/v2\/pages\/302","targetHints":{"allow":["GET"]}}],"collection":[{"href":"http:\/\/krutzler.at\/en\/wp-json\/wp\/v2\/pages"}],"about":[{"href":"http:\/\/krutzler.at\/en\/wp-json\/wp\/v2\/types\/page"}],"author":[{"embeddable":true,"href":"http:\/\/krutzler.at\/en\/wp-json\/wp\/v2\/users\/1"}],"replies":[{"embeddable":true,"href":"http:\/\/krutzler.at\/en\/wp-json\/wp\/v2\/comments?post=302"}],"version-history":[{"count":3,"href":"http:\/\/krutzler.at\/en\/wp-json\/wp\/v2\/pages\/302\/revisions"}],"predecessor-version":[{"id":544,"href":"http:\/\/krutzler.at\/en\/wp-json\/wp\/v2\/pages\/302\/revisions\/544"}],"wp:attachment":[{"href":"http:\/\/krutzler.at\/en\/wp-json\/wp\/v2\/media?parent=302"}],"curies":[{"name":"wp","href":"https:\/\/api.w.org\/{rel}","templated":true}]}}