{"id":271,"date":"2025-08-17T09:36:54","date_gmt":"2025-08-17T09:36:54","guid":{"rendered":"http:\/\/vhkzxri.cluster100.hosting.ovh.net\/?page_id=271"},"modified":"2025-12-02T15:31:18","modified_gmt":"2025-12-02T15:31:18","slug":"mensch","status":"publish","type":"page","link":"https:\/\/krutzler.at\/en\/mensch\/","title":{"rendered":"People"},"content":{"rendered":"<div class=\"wp-block-group alignfull is-style-section-4 has-custom-color-2-color has-custom-color-1-background-color has-text-color has-background has-link-color wp-elements-d371b902b3c37c4062f037ffab795306 is-layout-flow wp-container-core-group-is-layout-c494963c wp-block-group-is-layout-flow is-style-section-4--1\" style=\"margin-top:0;padding-top:var(--wp--preset--spacing--20);padding-right:0;padding-bottom:var(--wp--preset--spacing--70);padding-left:0\">\n<div class=\"wp-block-columns is-layout-flex wp-container-core-columns-is-layout-d0b3c9c8 wp-block-columns-is-layout-flex\">\n<div class=\"wp-block-column is-layout-flow wp-block-column-is-layout-flow\">\n<h2 class=\"wp-block-heading has-xx-large-font-size tw-block-animation tw-animation-fade-in-up\">Our History<\/h2>\n\n\n\n<p class=\"has-roboto-font-family tw-block-animation tw-animation-fade-in-up\">Our story begins with Hermann and Martha Krutzler, who laid the foundation in the 1960s for what we continue today. Hermann was a pioneer who was already breaking new ground in viticulture back then: quality over quantity, origin over fashion. Martha was always by his side \u2013 courageous, energetic, full of passion for her work in the vineyard and in the cellar.<\/p>\n\n\n\n<p class=\"tw-block-animation tw-animation-fade-in-up\">In the 1990s, Hermann ran the winery together with his sons Reinhold and Erich. It was a time of change: with a clear vision and consistent quality work, they made the winery famous far beyond the region. At the beginning of the 2000s, Erich finally moved on \u2013 today he vinifies his own wines in the Wachau region, but part of his history remains inextricably linked to us.<\/p>\n\n\n\n<p class=\"tw-block-animation tw-animation-fade-in-up\">Today, the winery is in the hands of Reinhold, who has shaped it with courage and consistency \u2013 and is now shaping the next stage together with his son Clemens. A common thread runs through the generations: a pioneering spirit, solidarity and the desire to make wines that embody their origins and personality.<\/p>\n<\/div>\n\n\n\n<div class=\"wp-block-column tw-md-hidden is-layout-flow wp-block-column-is-layout-flow\">\n<div style=\"height:198px\" aria-hidden=\"true\" class=\"wp-block-spacer tw-sm-hidden\"><\/div>\n\n\n\n<figure class=\"wp-block-image size-large zoom-inside tw-sm-hidden tw-md-hidden tw-block-animation tw-animation-fade-in-up\"><img loading=\"lazy\" decoding=\"async\" width=\"1140\" height=\"1520\" src=\"https:\/\/krutzler.at\/wp-content\/uploads\/2025\/08\/DSCF2738-min-1140x1520.jpg\" alt=\"\" class=\"wp-image-224\" style=\"aspect-ratio:3\/4;object-fit:cover\" srcset=\"\" sizes=\"auto, (max-width: 1140px) 100vw, 1140px\" data-srcset=\"\" \/><\/figure>\n<\/div>\n\n\n\n<div class=\"wp-block-column is-layout-flow wp-block-column-is-layout-flow\">\n<div style=\"height:100px\" aria-hidden=\"true\" class=\"wp-block-spacer tw-sm-hidden\"><\/div>\n\n\n\n<figure class=\"wp-block-image size-large zoom-inside tw-block-animation tw-animation-fade-in-up\"><img loading=\"lazy\" decoding=\"async\" width=\"1140\" height=\"1520\" src=\"https:\/\/krutzler.at\/wp-content\/uploads\/2025\/08\/DSCF2718-min-1140x1520.jpg\" alt=\"\" class=\"wp-image-223\" style=\"aspect-ratio:3\/4;object-fit:cover\" srcset=\"\" sizes=\"auto, (max-width: 1140px) 100vw, 1140px\" data-srcset=\"\" \/><\/figure>\n<\/div>\n<\/div>\n\n\n\n<div style=\"height:30px\" aria-hidden=\"true\" class=\"wp-block-spacer\"><\/div>\n\n\n\n<div class=\"wp-block-columns is-layout-flex wp-container-core-columns-is-layout-d0b3c9c8 wp-block-columns-is-layout-flex\">\n<div class=\"wp-block-column is-layout-flow wp-block-column-is-layout-flow\">\n<figure class=\"wp-block-image size-full zoom-inside tw-block-animation tw-animation-fade-in-up\"><img decoding=\"async\" src=\"https:\/\/krutzler.at\/wp-content\/uploads\/2025\/11\/Notizen.jpeg\" alt=\"\" class=\"wp-image-890\" style=\"aspect-ratio:16\/9;object-fit:cover\"\/><\/figure>\n<\/div>\n\n\n\n<div class=\"wp-block-column is-layout-flow wp-block-column-is-layout-flow\">\n<figure class=\"wp-block-image size-large zoom-inside tw-block-animation tw-animation-fade-in-up\"><img loading=\"lazy\" decoding=\"async\" width=\"1140\" height=\"734\" src=\"https:\/\/krutzler.at\/wp-content\/uploads\/2025\/09\/2019-03-31-10.28.10-3-min-1140x734.jpg\" alt=\"\" class=\"wp-image-435\" style=\"aspect-ratio:16\/9;object-fit:cover\" srcset=\"\" sizes=\"auto, (max-width: 1140px) 100vw, 1140px\" data-srcset=\"\" \/><\/figure>\n<\/div>\n<\/div>\n<\/div>\n\n\n\n<div class=\"wp-block-group alignfull has-global-padding is-layout-constrained wp-block-group-is-layout-constrained\" style=\"margin-top:0;margin-bottom:0\">\n<div class=\"wp-block-columns alignfull is-layout-flex wp-container-core-columns-is-layout-d0b3c9c8 wp-block-columns-is-layout-flex\">\n<div class=\"wp-block-column is-layout-flow wp-block-column-is-layout-flow\" style=\"flex-basis:50%\">\n<div class=\"wp-block-group is-vertical is-layout-flex wp-container-core-group-is-layout-74bb8463 wp-block-group-is-layout-flex\" style=\"padding-right:0\">\n<h2 class=\"wp-block-heading has-xx-large-font-size tw-block-animation tw-animation-fade-in-up\">THE PEOPLE BEHIND IT<\/h2>\n\n\n\n<p class=\"has-medium-font-size tw-block-animation tw-animation-fade-in-up\">Reinhold and Clemens \u2013 father and son, experience and new beginnings.<br><br>With his calm manner and profound knowledge of soils, climate and vines, Reinhold has shaped the style of the winery for decades: clear, precise, focused. He knows when intervention is necessary \u2013 and when nature knows better. <br><br>Clemens stands for new beginnings and openness. He brings a breath of fresh air to the winery, rethinks viticulture, experiments and combines craftsmanship with a modern outlook. For him, wine is an experience that should be accessible rather than complicated. He sees himself as a bridge between tradition and the future \u2013 curious, open-minded and full of ideas. He looks ahead without forgetting his roots. <br><br>Together, they are writing a story in which experience and innovation are not contradictory, but rather constitute the strength of the winery.<br><\/p>\n\n\n\n<figure class=\"wp-block-image size-full zoom-inside tw-sm-hidden tw-block-animation tw-animation-fade-in-up\" style=\"margin-right:0\"><img loading=\"lazy\" decoding=\"async\" width=\"2560\" height=\"1707\" src=\"http:\/\/krutzler.at\/wp-content\/uploads\/2025\/08\/melanie-und-reinhold-krutzler-min-scaled.jpg\" alt=\"\" class=\"wp-image-316\" style=\"aspect-ratio:16\/9;object-fit:cover\" srcset=\"https:\/\/krutzler.at\/wp-content\/uploads\/2025\/08\/melanie-und-reinhold-krutzler-min-scaled.jpg 2560w, https:\/\/krutzler.at\/wp-content\/uploads\/2025\/08\/melanie-und-reinhold-krutzler-min-550x367.jpg 550w, https:\/\/krutzler.at\/wp-content\/uploads\/2025\/08\/melanie-und-reinhold-krutzler-min-1140x760.jpg 1140w, https:\/\/krutzler.at\/wp-content\/uploads\/2025\/08\/melanie-und-reinhold-krutzler-min-840x560.jpg 840w, https:\/\/krutzler.at\/wp-content\/uploads\/2025\/08\/melanie-und-reinhold-krutzler-min-1536x1024.jpg 1536w, https:\/\/krutzler.at\/wp-content\/uploads\/2025\/08\/melanie-und-reinhold-krutzler-min-2048x1365.jpg 2048w\" sizes=\"auto, (max-width: 2560px) 100vw, 2560px\" \/><\/figure>\n<\/div>\n<\/div>\n\n\n\n<div class=\"wp-block-column is-layout-flow wp-block-column-is-layout-flow\" style=\"padding-right:0;padding-left:0;flex-basis:50%\">\n<figure class=\"wp-block-image aligncenter size-full zoom-inside tw-block-animation tw-animation-fade-in-up\"><img loading=\"lazy\" decoding=\"async\" width=\"1920\" height=\"2560\" src=\"http:\/\/krutzler.at\/wp-content\/uploads\/2025\/09\/DSCF2452-scaled.jpg\" alt=\"\" class=\"wp-image-633\" srcset=\"https:\/\/krutzler.at\/wp-content\/uploads\/2025\/09\/DSCF2452-scaled.jpg 1920w, https:\/\/krutzler.at\/wp-content\/uploads\/2025\/09\/DSCF2452-550x733.jpg 550w, https:\/\/krutzler.at\/wp-content\/uploads\/2025\/09\/DSCF2452-1140x1520.jpg 1140w, https:\/\/krutzler.at\/wp-content\/uploads\/2025\/09\/DSCF2452-840x1120.jpg 840w, https:\/\/krutzler.at\/wp-content\/uploads\/2025\/09\/DSCF2452-1152x1536.jpg 1152w, https:\/\/krutzler.at\/wp-content\/uploads\/2025\/09\/DSCF2452-1536x2048.jpg 1536w, https:\/\/krutzler.at\/wp-content\/uploads\/2025\/09\/DSCF2452-1320x1760.jpg 1320w\" sizes=\"auto, (max-width: 1920px) 100vw, 1920px\" \/><\/figure>\n\n\n\n<div style=\"height:0px\" aria-hidden=\"true\" class=\"wp-block-spacer\"><\/div>\n\n\n\n<div class=\"wp-block-group alignfull has-global-padding is-content-justification-right is-layout-constrained wp-container-core-group-is-layout-3a4e21c8 wp-block-group-is-layout-constrained\" style=\"padding-top:var(--wp--preset--spacing--50);padding-right:0;padding-bottom:var(--wp--preset--spacing--50);padding-left:0\">\n<figure class=\"wp-block-image alignright size-full zoom-inside wp-duotone-unset-2 tw-block-animation tw-animation-fade-in-up\" style=\"margin-right:var(--wp--preset--spacing--40);margin-left:0\"><img loading=\"lazy\" decoding=\"async\" width=\"380\" height=\"380\" src=\"http:\/\/krutzler.at\/wp-content\/uploads\/2025\/09\/Clemens.jpg\" alt=\"\" class=\"wp-image-565\" srcset=\"https:\/\/krutzler.at\/wp-content\/uploads\/2025\/09\/Clemens.jpg 380w, https:\/\/krutzler.at\/wp-content\/uploads\/2025\/09\/Clemens-150x150.jpg 150w\" sizes=\"auto, (max-width: 380px) 100vw, 380px\" \/><\/figure>\n<\/div>\n\n\n\n<div style=\"height:4px\" aria-hidden=\"true\" class=\"wp-block-spacer\"><\/div>\n<\/div>\n<\/div>\n\n\n\n<div style=\"height:44px\" aria-hidden=\"true\" class=\"wp-block-spacer tw-sm-hidden\"><\/div>\n<\/div>\n\n\n\n<div class=\"wp-block-columns alignfull is-layout-flex wp-container-core-columns-is-layout-d0b3c9c8 wp-block-columns-is-layout-flex\">\n<div class=\"wp-block-column is-layout-flow wp-block-column-is-layout-flow\">\n<h2 class=\"wp-block-heading has-xx-large-font-size tw-block-animation tw-animation-fade-in-up\">Our understanding of craftsmanship<\/h2>\n\n\n\n<p class=\"has-medium-font-size tw-block-animation tw-animation-fade-in-up\"><br>Wine is not made in the cellar, but outside in the vineyard. Every action, every moment of waiting and every omission is part of the result. We work in harmony with nature \u2013 accompanying rather than controlling.<\/p>\n\n\n\n<p class=\"tw-block-animation tw-animation-fade-in-up\">In the cellar, this means clarity, patience and the confidence to give the wines space. The result is a style that is precise, lively and pure.<\/p>\n<\/div>\n\n\n\n<div class=\"wp-block-column tw-md-hidden is-layout-flow wp-block-column-is-layout-flow\">\n<div style=\"height:100px\" aria-hidden=\"true\" class=\"wp-block-spacer tw-sm-hidden\"><\/div>\n\n\n\n<figure class=\"wp-block-image size-large zoom-inside tw-sm-hidden tw-md-hidden tw-block-animation tw-animation-fade-in-up\"><img loading=\"lazy\" decoding=\"async\" width=\"1140\" height=\"760\" src=\"https:\/\/krutzler.at\/wp-content\/uploads\/2025\/09\/Krutzler11_1165-min-1140x760.jpg\" alt=\"\" class=\"wp-image-440\" style=\"aspect-ratio:3\/4;object-fit:cover\" srcset=\"\" sizes=\"auto, (max-width: 1140px) 100vw, 1140px\" data-srcset=\"\" \/><\/figure>\n<\/div>\n\n\n\n<div class=\"wp-block-column is-layout-flow wp-block-column-is-layout-flow\">\n<figure class=\"wp-block-image size-large zoom-inside tw-block-animation tw-animation-fade-in-up\"><img loading=\"lazy\" decoding=\"async\" width=\"1140\" height=\"1520\" src=\"https:\/\/krutzler.at\/wp-content\/uploads\/2025\/08\/DSCF2741-min-1140x1520.jpg\" alt=\"\" class=\"wp-image-225\" style=\"aspect-ratio:3\/4;object-fit:cover\" srcset=\"\" sizes=\"auto, (max-width: 1140px) 100vw, 1140px\" data-srcset=\"\" \/><\/figure>\n<\/div>\n<\/div>\n\n\n\n<div style=\"height:44px\" aria-hidden=\"true\" class=\"wp-block-spacer\"><\/div>\n\n\n\n<div class=\"wp-block-columns alignfull is-layout-flex wp-container-core-columns-is-layout-d0b3c9c8 wp-block-columns-is-layout-flex\">\n<div class=\"wp-block-column is-layout-flow wp-block-column-is-layout-flow\" style=\"flex-basis:50%\">\n<div class=\"wp-block-group is-vertical is-layout-flex wp-container-core-group-is-layout-74bb8463 wp-block-group-is-layout-flex\" style=\"padding-right:0\">\n<h2 class=\"wp-block-heading has-xx-large-font-size tw-block-animation tw-animation-fade-in-up\">Our Vision<\/h2>\n\n\n\n<p class=\"has-medium-font-size tw-block-animation tw-animation-fade-in-up\">We want to make wines that are honest and unadulterated. Wines that speak the language of the our Region and at the same time show our signature. With depth, tension and origin. <br><br>We don\u2019t see ourselves as producers, but as caretakers who guide an ecosystem in which people, nature, and culture are in constant dialogue. Our goal: to create balance. Between tradition and modernity, between soil and vine, between people and nature. Wines that reflect our landscape and at the same time express our personality.<br><\/p>\n\n\n\n<figure class=\"wp-block-image size-full zoom-inside tw-block-animation tw-animation-fade-in-up\" style=\"margin-right:0\"><img loading=\"lazy\" decoding=\"async\" width=\"1299\" height=\"866\" src=\"http:\/\/krutzler.at\/wp-content\/uploads\/2025\/08\/Region.png\" alt=\"\" class=\"wp-image-169\" style=\"aspect-ratio:16\/9;object-fit:cover\" srcset=\"https:\/\/krutzler.at\/wp-content\/uploads\/2025\/08\/Region.png 1299w, https:\/\/krutzler.at\/wp-content\/uploads\/2025\/08\/Region-550x367.png 550w, https:\/\/krutzler.at\/wp-content\/uploads\/2025\/08\/Region-1140x760.png 1140w, https:\/\/krutzler.at\/wp-content\/uploads\/2025\/08\/Region-840x560.png 840w\" sizes=\"auto, (max-width: 1299px) 100vw, 1299px\" \/><\/figure>\n<\/div>\n<\/div>\n\n\n\n<div class=\"wp-block-column is-layout-flow wp-block-column-is-layout-flow\" style=\"padding-right:0;padding-left:0;flex-basis:50%\">\n<figure class=\"wp-block-image aligncenter size-full zoom-inside tw-block-animation tw-animation-fade-in-up\"><img loading=\"lazy\" decoding=\"async\" width=\"445\" height=\"445\" src=\"http:\/\/krutzler.at\/wp-content\/uploads\/2025\/09\/Clemens.Fass_.jpg\" alt=\"\" class=\"wp-image-569\" srcset=\"https:\/\/krutzler.at\/wp-content\/uploads\/2025\/09\/Clemens.Fass_.jpg 445w, https:\/\/krutzler.at\/wp-content\/uploads\/2025\/09\/Clemens.Fass_-150x150.jpg 150w\" sizes=\"auto, (max-width: 445px) 100vw, 445px\" \/><\/figure>\n\n\n\n<div style=\"height:0px\" aria-hidden=\"true\" class=\"wp-block-spacer\"><\/div>\n\n\n\n<div class=\"wp-block-group alignfull tw-sm-hidden has-global-padding is-content-justification-right is-layout-constrained wp-container-core-group-is-layout-3a4e21c8 wp-block-group-is-layout-constrained\" style=\"padding-top:var(--wp--preset--spacing--50);padding-right:0;padding-bottom:var(--wp--preset--spacing--50);padding-left:0\">\n<figure class=\"wp-block-image alignright size-full zoom-inside tw-sm-hidden wp-duotone-unset-3 tw-block-animation tw-animation-fade-in-up\" style=\"margin-right:var(--wp--preset--spacing--40);margin-left:0\"><img loading=\"lazy\" decoding=\"async\" width=\"380\" height=\"380\" src=\"http:\/\/krutzler.at\/wp-content\/uploads\/2025\/09\/Weinlese.jpg\" alt=\"\" class=\"wp-image-571\" srcset=\"https:\/\/krutzler.at\/wp-content\/uploads\/2025\/09\/Weinlese.jpg 380w, https:\/\/krutzler.at\/wp-content\/uploads\/2025\/09\/Weinlese-150x150.jpg 150w\" sizes=\"auto, (max-width: 380px) 100vw, 380px\" \/><\/figure>\n<\/div>\n\n\n\n<div style=\"height:4px\" aria-hidden=\"true\" class=\"wp-block-spacer\"><\/div>\n<\/div>\n<\/div>","protected":false},"excerpt":{"rendered":"<p>unsere Geschichte Unsere Geschichte beginnt mit Hermann und Martha Krutzler, die in den 1960er-Jahren den Grundstein f\u00fcr das gelegt haben, was wir heute weiterf\u00fchren. Hermann war ein Pionier, der schon damals neue Wege im Weinbau einschlug: Qualit\u00e4t vor Menge, Herkunft vor Mode. Martha stand stets an seiner Seite \u2013 beherzt, tatkr\u00e4ftig, voller Leidenschaft f\u00fcr die [&hellip;]<\/p>","protected":false},"author":1,"featured_media":226,"parent":0,"menu_order":0,"comment_status":"closed","ping_status":"closed","template":"","meta":{"footnotes":""},"class_list":["post-271","page","type-page","status-publish","has-post-thumbnail","hentry"],"yoast_head":"<!-- This site is optimized with the Yoast SEO plugin v26.9 - https:\/\/yoast.com\/product\/yoast-seo-wordpress\/ -->\n<title>Mensch - Weingut Krutzler<\/title>\n<meta name=\"description\" content=\"Erfahren Sie mehr \u00fcber das Weingut Krutzler: gepr\u00e4gt von Pioniergeist &amp; dem Anspruch, Weine zu schaffen, mit Herkunft &amp; Pers\u00f6nlichkeit.\" \/>\n<meta name=\"robots\" content=\"index, follow, max-snippet:-1, max-image-preview:large, max-video-preview:-1\" \/>\n<link rel=\"canonical\" href=\"https:\/\/krutzler.at\/en\/mensch\/\" \/>\n<meta property=\"og:locale\" content=\"en_US\" \/>\n<meta property=\"og:type\" content=\"article\" \/>\n<meta property=\"og:title\" content=\"Mensch - Weingut Krutzler\" \/>\n<meta property=\"og:description\" content=\"Erfahren Sie mehr \u00fcber das Weingut Krutzler: gepr\u00e4gt von Pioniergeist &amp; dem Anspruch, Weine zu schaffen, mit Herkunft &amp; Pers\u00f6nlichkeit.\" \/>\n<meta property=\"og:url\" content=\"https:\/\/krutzler.at\/en\/mensch\/\" \/>\n<meta property=\"og:site_name\" content=\"Weingut Krutzler\" \/>\n<meta property=\"article:modified_time\" content=\"2025-12-02T15:31:18+00:00\" \/>\n<meta property=\"og:image\" content=\"https:\/\/krutzler.at\/wp-content\/uploads\/2025\/08\/DSCF2865-min-scaled.jpg\" \/>\n\t<meta property=\"og:image:width\" content=\"1920\" \/>\n\t<meta property=\"og:image:height\" content=\"2560\" \/>\n\t<meta property=\"og:image:type\" content=\"image\/jpeg\" \/>\n<meta name=\"twitter:card\" content=\"summary_large_image\" \/>\n<meta name=\"twitter:label1\" content=\"Est. reading time\" \/>\n\t<meta name=\"twitter:data1\" content=\"6 minutes\" \/>\n<script type=\"application\/ld+json\" class=\"yoast-schema-graph\">{\"@context\":\"https:\/\/schema.org\",\"@graph\":[{\"@type\":[\"WebPage\",\"AboutPage\"],\"@id\":\"https:\/\/krutzler.at\/mensch\/\",\"url\":\"https:\/\/krutzler.at\/mensch\/\",\"name\":\"Mensch - Weingut Krutzler\",\"isPartOf\":{\"@id\":\"https:\/\/krutzler.at\/#website\"},\"primaryImageOfPage\":{\"@id\":\"https:\/\/krutzler.at\/mensch\/#primaryimage\"},\"image\":{\"@id\":\"https:\/\/krutzler.at\/mensch\/#primaryimage\"},\"thumbnailUrl\":\"https:\/\/krutzler.at\/wp-content\/uploads\/2025\/08\/DSCF2865-min-scaled.jpg\",\"datePublished\":\"2025-08-17T09:36:54+00:00\",\"dateModified\":\"2025-12-02T15:31:18+00:00\",\"description\":\"Erfahren Sie mehr \u00fcber das Weingut Krutzler: gepr\u00e4gt von Pioniergeist & dem Anspruch, Weine zu schaffen, mit Herkunft & Pers\u00f6nlichkeit.\",\"breadcrumb\":{\"@id\":\"https:\/\/krutzler.at\/mensch\/#breadcrumb\"},\"inLanguage\":\"en-US\",\"potentialAction\":[{\"@type\":\"ReadAction\",\"target\":[\"https:\/\/krutzler.at\/mensch\/\"]}]},{\"@type\":\"ImageObject\",\"inLanguage\":\"en-US\",\"@id\":\"https:\/\/krutzler.at\/mensch\/#primaryimage\",\"url\":\"https:\/\/krutzler.at\/wp-content\/uploads\/2025\/08\/DSCF2865-min-scaled.jpg\",\"contentUrl\":\"https:\/\/krutzler.at\/wp-content\/uploads\/2025\/08\/DSCF2865-min-scaled.jpg\",\"width\":1920,\"height\":2560},{\"@type\":\"BreadcrumbList\",\"@id\":\"https:\/\/krutzler.at\/mensch\/#breadcrumb\",\"itemListElement\":[{\"@type\":\"ListItem\",\"position\":1,\"name\":\"Startseite\",\"item\":\"https:\/\/krutzler.at\/\"},{\"@type\":\"ListItem\",\"position\":2,\"name\":\"Mensch\"}]},{\"@type\":\"WebSite\",\"@id\":\"https:\/\/krutzler.at\/#website\",\"url\":\"https:\/\/krutzler.at\/\",\"name\":\"Weingut Krutzler\",\"description\":\"\",\"publisher\":{\"@id\":\"https:\/\/krutzler.at\/#organization\"},\"potentialAction\":[{\"@type\":\"SearchAction\",\"target\":{\"@type\":\"EntryPoint\",\"urlTemplate\":\"https:\/\/krutzler.at\/?s={search_term_string}\"},\"query-input\":{\"@type\":\"PropertyValueSpecification\",\"valueRequired\":true,\"valueName\":\"search_term_string\"}}],\"inLanguage\":\"en-US\"},{\"@type\":\"Organization\",\"@id\":\"https:\/\/krutzler.at\/#organization\",\"name\":\"Weingut Krutzler\",\"url\":\"https:\/\/krutzler.at\/\",\"logo\":{\"@type\":\"ImageObject\",\"inLanguage\":\"en-US\",\"@id\":\"https:\/\/krutzler.at\/#\/schema\/logo\/image\/\",\"url\":\"https:\/\/krutzler.at\/wp-content\/uploads\/2025\/07\/Krutzler-Logo-RGB.png.png\",\"contentUrl\":\"https:\/\/krutzler.at\/wp-content\/uploads\/2025\/07\/Krutzler-Logo-RGB.png.png\",\"width\":360,\"height\":118,\"caption\":\"Weingut Krutzler\"},\"image\":{\"@id\":\"https:\/\/krutzler.at\/#\/schema\/logo\/image\/\"}}]}<\/script>\n<!-- \/ Yoast SEO plugin. -->","yoast_head_json":{"title":"Mensch - Weingut Krutzler","description":"Erfahren Sie mehr \u00fcber das Weingut Krutzler: gepr\u00e4gt von Pioniergeist & dem Anspruch, Weine zu schaffen, mit Herkunft & Pers\u00f6nlichkeit.","robots":{"index":"index","follow":"follow","max-snippet":"max-snippet:-1","max-image-preview":"max-image-preview:large","max-video-preview":"max-video-preview:-1"},"canonical":"https:\/\/krutzler.at\/en\/mensch\/","og_locale":"en_US","og_type":"article","og_title":"Mensch - Weingut Krutzler","og_description":"Erfahren Sie mehr \u00fcber das Weingut Krutzler: gepr\u00e4gt von Pioniergeist & dem Anspruch, Weine zu schaffen, mit Herkunft & Pers\u00f6nlichkeit.","og_url":"https:\/\/krutzler.at\/en\/mensch\/","og_site_name":"Weingut Krutzler","article_modified_time":"2025-12-02T15:31:18+00:00","og_image":[{"width":1920,"height":2560,"url":"https:\/\/krutzler.at\/wp-content\/uploads\/2025\/08\/DSCF2865-min-scaled.jpg","type":"image\/jpeg"}],"twitter_card":"summary_large_image","twitter_misc":{"Est. reading time":"6 minutes"},"schema":{"@context":"https:\/\/schema.org","@graph":[{"@type":["WebPage","AboutPage"],"@id":"https:\/\/krutzler.at\/mensch\/","url":"https:\/\/krutzler.at\/mensch\/","name":"Mensch - Weingut Krutzler","isPartOf":{"@id":"https:\/\/krutzler.at\/#website"},"primaryImageOfPage":{"@id":"https:\/\/krutzler.at\/mensch\/#primaryimage"},"image":{"@id":"https:\/\/krutzler.at\/mensch\/#primaryimage"},"thumbnailUrl":"https:\/\/krutzler.at\/wp-content\/uploads\/2025\/08\/DSCF2865-min-scaled.jpg","datePublished":"2025-08-17T09:36:54+00:00","dateModified":"2025-12-02T15:31:18+00:00","description":"Erfahren Sie mehr \u00fcber das Weingut Krutzler: gepr\u00e4gt von Pioniergeist & dem Anspruch, Weine zu schaffen, mit Herkunft & Pers\u00f6nlichkeit.","breadcrumb":{"@id":"https:\/\/krutzler.at\/mensch\/#breadcrumb"},"inLanguage":"en-US","potentialAction":[{"@type":"ReadAction","target":["https:\/\/krutzler.at\/mensch\/"]}]},{"@type":"ImageObject","inLanguage":"en-US","@id":"https:\/\/krutzler.at\/mensch\/#primaryimage","url":"https:\/\/krutzler.at\/wp-content\/uploads\/2025\/08\/DSCF2865-min-scaled.jpg","contentUrl":"https:\/\/krutzler.at\/wp-content\/uploads\/2025\/08\/DSCF2865-min-scaled.jpg","width":1920,"height":2560},{"@type":"BreadcrumbList","@id":"https:\/\/krutzler.at\/mensch\/#breadcrumb","itemListElement":[{"@type":"ListItem","position":1,"name":"Startseite","item":"https:\/\/krutzler.at\/"},{"@type":"ListItem","position":2,"name":"Mensch"}]},{"@type":"WebSite","@id":"https:\/\/krutzler.at\/#website","url":"https:\/\/krutzler.at\/","name":"Weingut Krutzler","description":"","publisher":{"@id":"https:\/\/krutzler.at\/#organization"},"potentialAction":[{"@type":"SearchAction","target":{"@type":"EntryPoint","urlTemplate":"https:\/\/krutzler.at\/?s={search_term_string}"},"query-input":{"@type":"PropertyValueSpecification","valueRequired":true,"valueName":"search_term_string"}}],"inLanguage":"en-US"},{"@type":"Organization","@id":"https:\/\/krutzler.at\/#organization","name":"Weingut Krutzler","url":"https:\/\/krutzler.at\/","logo":{"@type":"ImageObject","inLanguage":"en-US","@id":"https:\/\/krutzler.at\/#\/schema\/logo\/image\/","url":"https:\/\/krutzler.at\/wp-content\/uploads\/2025\/07\/Krutzler-Logo-RGB.png.png","contentUrl":"https:\/\/krutzler.at\/wp-content\/uploads\/2025\/07\/Krutzler-Logo-RGB.png.png","width":360,"height":118,"caption":"Weingut Krutzler"},"image":{"@id":"https:\/\/krutzler.at\/#\/schema\/logo\/image\/"}}]}},"_links":{"self":[{"href":"https:\/\/krutzler.at\/en\/wp-json\/wp\/v2\/pages\/271","targetHints":{"allow":["GET"]}}],"collection":[{"href":"https:\/\/krutzler.at\/en\/wp-json\/wp\/v2\/pages"}],"about":[{"href":"https:\/\/krutzler.at\/en\/wp-json\/wp\/v2\/types\/page"}],"author":[{"embeddable":true,"href":"https:\/\/krutzler.at\/en\/wp-json\/wp\/v2\/users\/1"}],"replies":[{"embeddable":true,"href":"https:\/\/krutzler.at\/en\/wp-json\/wp\/v2\/comments?post=271"}],"version-history":[{"count":51,"href":"https:\/\/krutzler.at\/en\/wp-json\/wp\/v2\/pages\/271\/revisions"}],"predecessor-version":[{"id":937,"href":"https:\/\/krutzler.at\/en\/wp-json\/wp\/v2\/pages\/271\/revisions\/937"}],"wp:featuredmedia":[{"embeddable":true,"href":"https:\/\/krutzler.at\/en\/wp-json\/wp\/v2\/media\/226"}],"wp:attachment":[{"href":"https:\/\/krutzler.at\/en\/wp-json\/wp\/v2\/media?parent=271"}],"curies":[{"name":"wp","href":"https:\/\/api.w.org\/{rel}","templated":true}]}}