{"id":301,"date":"2025-10-23T13:02:33","date_gmt":"2025-10-23T13:02:33","guid":{"rendered":"http:\/\/vhkzxri.cluster100.hosting.ovh.net\/?page_id=301"},"modified":"2025-11-30T08:18:28","modified_gmt":"2025-11-30T08:18:28","slug":"impressum","status":"publish","type":"page","link":"https:\/\/krutzler.at\/en\/impressum\/","title":{"rendered":"Imprint"},"content":{"rendered":"<h2 class=\"wp-block-heading\">IMPRINT<\/h2>\n\n\n\n<div style=\"height:45px\" aria-hidden=\"true\" class=\"wp-block-spacer\"><\/div>\n\n\n\n<p><strong>Name \/ Owner:<\/strong><\/p>\n\n\n\n<p>Krutzler KG<\/p>\n\n\n\n<p>Reinhold Krutzler<\/p>\n\n\n\n<p><strong>Adresse:<\/strong><br>Winzerstra\u00dfe 68<br>7474 Deutsch Sch\u00fctzen<br>Austria<\/p>\n\n\n\n<p><strong>VAT number:<\/strong>&nbsp;ATU63050539<\/p>\n\n\n\n<p><strong>Company registration number:<\/strong>&nbsp;286847i<\/p>\n\n\n\n<p><strong>Commercial register court:<\/strong>&nbsp;Eisenstadt Regional Court<\/p>\n\n\n\n<p><strong>Contact:<\/strong><br>Telephone: +43 664 1431983<br>E-Mail: weingut@krutzler.at<br>Web: www.krutzler.at<\/p>\n\n\n\n<p><strong>Member of WK\u00d6<\/strong><br><strong>Professional law:<\/strong>&nbsp;Trade Regulation Act www.ris.bka.gv.at<\/p>\n\n\n\n<p><strong>Supervisory authority\/trade authority:<\/strong>&nbsp;Oberwart District Administration<br><strong>Job title:<\/strong> master craftsman's workshop<\/p>\n\n\n\n<p><strong>Disclosure pursuant to Section 25 of the Media Act<\/strong><\/p>\n\n\n\n<p><strong>Media owner:<\/strong><br>Krutzler KG<\/p>\n\n\n\n<p><strong>Object of the company:<\/strong><br>Production and marketing of wine<\/p>\n\n\n\n<p><strong>Basic direction of the website (editorial policy):<\/strong><br>Information about the winery, the family, wine production and events.<\/p>","protected":false},"excerpt":{"rendered":"<p>IMPRESSUM Name \/ Inhaber: Krutzler KG Reinhold Krutzler Adresse:Winzerstra\u00dfe 687474 Deutsch Sch\u00fctzen\u00d6sterreich UID-Nummer:&nbsp;ATU63050539 Firmenbuchnummer:&nbsp;286847i Firmenbuchgericht:&nbsp;Landesgericht Eisenstadt Kontakt:Telefon: +43 664 1431983E-Mail: weingut@krutzler.atWeb: www.krutzler.at Mitglied bei&nbsp;WK\u00d6Berufsrecht:&nbsp;Gewerbeordnung www.ris.bka.gv.at Aufsichtsbeh\u00f6rde\/Gewerbebeh\u00f6rde:&nbsp;Bezirkshauptmannschaft OberwartBerufsbezeichnung: Meisterbetrieb Offenlegung gem\u00e4\u00df \u00a7 25 Mediengesetz Medieninhaber:Krutzler KG Unternehmensgegenstand:Produktion und Vermarktung von Wein Grundlegende Richtung der Website (Blattlinie):Informationen \u00fcber das Weingut, die Familie, die Weinproduktion und Veranstaltungen.<\/p>","protected":false},"author":1,"featured_media":0,"parent":0,"menu_order":0,"comment_status":"closed","ping_status":"closed","template":"page-no-title","meta":{"footnotes":""},"class_list":["post-301","page","type-page","status-publish","hentry"],"yoast_head":"<!-- This site is optimized with the Yoast SEO plugin v26.9 - https:\/\/yoast.com\/product\/yoast-seo-wordpress\/ -->\n<title>Impressum - Weingut Krutzler<\/title>\n<meta name=\"description\" content=\"Impressum von Weingut Krutzler: Alle rechtlichen Angaben, Verantwortlichkeiten, Kontaktinformationen und Unternehmensdaten auf einen Blick.\" \/>\n<meta name=\"robots\" content=\"index, follow, max-snippet:-1, max-image-preview:large, max-video-preview:-1\" \/>\n<link rel=\"canonical\" href=\"https:\/\/krutzler.at\/en\/impressum\/\" \/>\n<meta property=\"og:locale\" content=\"en_US\" \/>\n<meta property=\"og:type\" content=\"article\" \/>\n<meta property=\"og:title\" content=\"Impressum - Weingut Krutzler\" \/>\n<meta property=\"og:description\" content=\"Impressum von Weingut Krutzler: Alle rechtlichen Angaben, Verantwortlichkeiten, Kontaktinformationen und Unternehmensdaten auf einen Blick.\" \/>\n<meta property=\"og:url\" content=\"https:\/\/krutzler.at\/en\/impressum\/\" \/>\n<meta property=\"og:site_name\" content=\"Weingut Krutzler\" \/>\n<meta property=\"article:modified_time\" content=\"2025-11-30T08:18:28+00:00\" \/>\n<meta property=\"og:image\" content=\"https:\/\/krutzler.at\/wp-content\/uploads\/2025\/09\/DSCF2405-scaled.jpg\" \/>\n\t<meta property=\"og:image:width\" content=\"1920\" \/>\n\t<meta property=\"og:image:height\" content=\"2560\" \/>\n\t<meta property=\"og:image:type\" content=\"image\/jpeg\" \/>\n<meta name=\"twitter:card\" content=\"summary_large_image\" \/>\n<meta name=\"twitter:label1\" content=\"Est. reading time\" \/>\n\t<meta name=\"twitter:data1\" content=\"1 minute\" \/>\n<script type=\"application\/ld+json\" class=\"yoast-schema-graph\">{\"@context\":\"https:\/\/schema.org\",\"@graph\":[{\"@type\":\"WebPage\",\"@id\":\"https:\/\/krutzler.at\/impressum\/\",\"url\":\"https:\/\/krutzler.at\/impressum\/\",\"name\":\"Impressum - Weingut Krutzler\",\"isPartOf\":{\"@id\":\"https:\/\/krutzler.at\/#website\"},\"datePublished\":\"2025-10-23T13:02:33+00:00\",\"dateModified\":\"2025-11-30T08:18:28+00:00\",\"description\":\"Impressum von Weingut Krutzler: Alle rechtlichen Angaben, Verantwortlichkeiten, Kontaktinformationen und Unternehmensdaten auf einen Blick.\",\"breadcrumb\":{\"@id\":\"https:\/\/krutzler.at\/impressum\/#breadcrumb\"},\"inLanguage\":\"en-US\",\"potentialAction\":[{\"@type\":\"ReadAction\",\"target\":[\"https:\/\/krutzler.at\/impressum\/\"]}]},{\"@type\":\"BreadcrumbList\",\"@id\":\"https:\/\/krutzler.at\/impressum\/#breadcrumb\",\"itemListElement\":[{\"@type\":\"ListItem\",\"position\":1,\"name\":\"Startseite\",\"item\":\"https:\/\/krutzler.at\/\"},{\"@type\":\"ListItem\",\"position\":2,\"name\":\"Impressum\"}]},{\"@type\":\"WebSite\",\"@id\":\"https:\/\/krutzler.at\/#website\",\"url\":\"https:\/\/krutzler.at\/\",\"name\":\"Weingut Krutzler\",\"description\":\"\",\"publisher\":{\"@id\":\"https:\/\/krutzler.at\/#organization\"},\"potentialAction\":[{\"@type\":\"SearchAction\",\"target\":{\"@type\":\"EntryPoint\",\"urlTemplate\":\"https:\/\/krutzler.at\/?s={search_term_string}\"},\"query-input\":{\"@type\":\"PropertyValueSpecification\",\"valueRequired\":true,\"valueName\":\"search_term_string\"}}],\"inLanguage\":\"en-US\"},{\"@type\":\"Organization\",\"@id\":\"https:\/\/krutzler.at\/#organization\",\"name\":\"Weingut Krutzler\",\"url\":\"https:\/\/krutzler.at\/\",\"logo\":{\"@type\":\"ImageObject\",\"inLanguage\":\"en-US\",\"@id\":\"https:\/\/krutzler.at\/#\/schema\/logo\/image\/\",\"url\":\"https:\/\/krutzler.at\/wp-content\/uploads\/2025\/07\/Krutzler-Logo-RGB.png.png\",\"contentUrl\":\"https:\/\/krutzler.at\/wp-content\/uploads\/2025\/07\/Krutzler-Logo-RGB.png.png\",\"width\":360,\"height\":118,\"caption\":\"Weingut Krutzler\"},\"image\":{\"@id\":\"https:\/\/krutzler.at\/#\/schema\/logo\/image\/\"}}]}<\/script>\n<!-- \/ Yoast SEO plugin. -->","yoast_head_json":{"title":"Impressum - Weingut Krutzler","description":"Impressum von Weingut Krutzler: Alle rechtlichen Angaben, Verantwortlichkeiten, Kontaktinformationen und Unternehmensdaten auf einen Blick.","robots":{"index":"index","follow":"follow","max-snippet":"max-snippet:-1","max-image-preview":"max-image-preview:large","max-video-preview":"max-video-preview:-1"},"canonical":"https:\/\/krutzler.at\/en\/impressum\/","og_locale":"en_US","og_type":"article","og_title":"Impressum - Weingut Krutzler","og_description":"Impressum von Weingut Krutzler: Alle rechtlichen Angaben, Verantwortlichkeiten, Kontaktinformationen und Unternehmensdaten auf einen Blick.","og_url":"https:\/\/krutzler.at\/en\/impressum\/","og_site_name":"Weingut Krutzler","article_modified_time":"2025-11-30T08:18:28+00:00","og_image":[{"width":1920,"height":2560,"url":"https:\/\/krutzler.at\/wp-content\/uploads\/2025\/09\/DSCF2405-scaled.jpg","type":"image\/jpeg"}],"twitter_card":"summary_large_image","twitter_misc":{"Est. reading time":"1 minute"},"schema":{"@context":"https:\/\/schema.org","@graph":[{"@type":"WebPage","@id":"https:\/\/krutzler.at\/impressum\/","url":"https:\/\/krutzler.at\/impressum\/","name":"Impressum - Weingut Krutzler","isPartOf":{"@id":"https:\/\/krutzler.at\/#website"},"datePublished":"2025-10-23T13:02:33+00:00","dateModified":"2025-11-30T08:18:28+00:00","description":"Impressum von Weingut Krutzler: Alle rechtlichen Angaben, Verantwortlichkeiten, Kontaktinformationen und Unternehmensdaten auf einen Blick.","breadcrumb":{"@id":"https:\/\/krutzler.at\/impressum\/#breadcrumb"},"inLanguage":"en-US","potentialAction":[{"@type":"ReadAction","target":["https:\/\/krutzler.at\/impressum\/"]}]},{"@type":"BreadcrumbList","@id":"https:\/\/krutzler.at\/impressum\/#breadcrumb","itemListElement":[{"@type":"ListItem","position":1,"name":"Startseite","item":"https:\/\/krutzler.at\/"},{"@type":"ListItem","position":2,"name":"Impressum"}]},{"@type":"WebSite","@id":"https:\/\/krutzler.at\/#website","url":"https:\/\/krutzler.at\/","name":"Weingut Krutzler","description":"","publisher":{"@id":"https:\/\/krutzler.at\/#organization"},"potentialAction":[{"@type":"SearchAction","target":{"@type":"EntryPoint","urlTemplate":"https:\/\/krutzler.at\/?s={search_term_string}"},"query-input":{"@type":"PropertyValueSpecification","valueRequired":true,"valueName":"search_term_string"}}],"inLanguage":"en-US"},{"@type":"Organization","@id":"https:\/\/krutzler.at\/#organization","name":"Weingut Krutzler","url":"https:\/\/krutzler.at\/","logo":{"@type":"ImageObject","inLanguage":"en-US","@id":"https:\/\/krutzler.at\/#\/schema\/logo\/image\/","url":"https:\/\/krutzler.at\/wp-content\/uploads\/2025\/07\/Krutzler-Logo-RGB.png.png","contentUrl":"https:\/\/krutzler.at\/wp-content\/uploads\/2025\/07\/Krutzler-Logo-RGB.png.png","width":360,"height":118,"caption":"Weingut Krutzler"},"image":{"@id":"https:\/\/krutzler.at\/#\/schema\/logo\/image\/"}}]}},"_links":{"self":[{"href":"https:\/\/krutzler.at\/en\/wp-json\/wp\/v2\/pages\/301","targetHints":{"allow":["GET"]}}],"collection":[{"href":"https:\/\/krutzler.at\/en\/wp-json\/wp\/v2\/pages"}],"about":[{"href":"https:\/\/krutzler.at\/en\/wp-json\/wp\/v2\/types\/page"}],"author":[{"embeddable":true,"href":"https:\/\/krutzler.at\/en\/wp-json\/wp\/v2\/users\/1"}],"replies":[{"embeddable":true,"href":"https:\/\/krutzler.at\/en\/wp-json\/wp\/v2\/comments?post=301"}],"version-history":[{"count":1,"href":"https:\/\/krutzler.at\/en\/wp-json\/wp\/v2\/pages\/301\/revisions"}],"predecessor-version":[{"id":454,"href":"https:\/\/krutzler.at\/en\/wp-json\/wp\/v2\/pages\/301\/revisions\/454"}],"wp:attachment":[{"href":"https:\/\/krutzler.at\/en\/wp-json\/wp\/v2\/media?parent=301"}],"curies":[{"name":"wp","href":"https:\/\/api.w.org\/{rel}","templated":true}]}}